{"id":11914,"date":"2014-11-05T19:59:36","date_gmt":"2014-11-05T19:59:36","guid":{"rendered":"https:\/\/grupodeestudiosafricanos.org\/teaching\/cira"},"modified":"2025-08-08T15:48:32","modified_gmt":"2025-08-08T15:48:32","slug":"cira","status":"publish","type":"page","link":"https:\/\/grupodeestudiosafricanos.org\/en\/teaching\/cira","title":{"rendered":"Introduction to the African Reality Course"},"content":{"rendered":"<p>[et_pb_section fb_built=&#8221;1&#8243; _builder_version=&#8221;4.16&#8243; global_colors_info=&#8221;{}&#8221;][et_pb_row use_custom_gutter=&#8221;on&#8221; gutter_width=&#8221;1&#8243; _builder_version=&#8221;4.27.4&#8243; _module_preset=&#8221;default&#8221; custom_margin=&#8221;0px||||false|false&#8221; custom_padding=&#8221;0px||||false|false&#8221; global_colors_info=&#8221;{}&#8221;][et_pb_column type=&#8221;4_4&#8243; _builder_version=&#8221;4.27.4&#8243; _module_preset=&#8221;default&#8221; global_colors_info=&#8221;{}&#8221;][et_pb_post_title meta=&#8221;off&#8221; featured_image=&#8221;off&#8221; _builder_version=&#8221;4.27.4&#8243; _module_preset=&#8221;default&#8221; title_font=&#8221;Oswald||||||||&#8221; title_text_color=&#8221;#444444&#8243; title_font_size=&#8221;42px&#8221; width=&#8221;75%&#8221; custom_margin=&#8221;||25px||false|false&#8221; custom_padding=&#8221;0px||0px||false|false&#8221; custom_css_post_image=&#8221;margin-top: 10px&#8221; global_colors_info=&#8221;{}&#8221;][\/et_pb_post_title][et_pb_code _builder_version=&#8221;4.27.4&#8243; _module_preset=&#8221;default&#8221; custom_margin=&#8221;||25px||false|false&#8221; global_colors_info=&#8221;{}&#8221;]<span><span><a href=\"https:\/\/grupodeestudiosafricanos.org\/en\/inicio\">Inicio<\/a><\/span><\/span>[\/et_pb_code][et_pb_post_title title=&#8221;off&#8221; meta=&#8221;off&#8221; module_class=&#8221;pa-image-16-9&#8243; _builder_version=&#8221;4.27.4&#8243; _module_preset=&#8221;default&#8221; title_font=&#8221;Oswald||||||||&#8221; title_text_color=&#8221;#444444&#8243; title_font_size=&#8221;42px&#8221; width=&#8221;100%&#8221; height=&#8221;423px&#8221; custom_margin=&#8221;||0px||false|false&#8221; custom_padding=&#8221;0px||0px||false|false&#8221; custom_css_post_image=&#8221;margin-top: 10px&#8221; global_colors_info=&#8221;{}&#8221;][\/et_pb_post_title][et_pb_text disabled_on=&#8221;on|on|on&#8221; _builder_version=&#8221;4.25.1&#8243; _module_preset=&#8221;default&#8221; text_font_size=&#8221;11px&#8221; text_orientation=&#8221;right&#8221; custom_margin=&#8221;0px||0px||false|false&#8221; custom_padding=&#8221;5px||30px||false|false&#8221; disabled=&#8221;on&#8221; global_colors_info=&#8221;{}&#8221;]<\/p>\n<p><em>Foto cedida por Pablo Guti\u00e9rrez Barbadillo, derechos reservados.<\/em><\/p>\n<section class=\"content\" style=\"outline: none !important; box-sizing: border-box; display: block; font-size: 14px; line-height: 26px; color: #333333; font-family: 'Helvetica Neue', Helvetica, Arial, sans-serif; font-style: normal; font-variant-ligatures: normal; font-variant-caps: normal; font-weight: 400; letter-spacing: normal; orphans: 2; text-align: start; text-indent: 0px; text-transform: none; widows: 2; word-spacing: 0px; -webkit-text-stroke-width: 0px; white-space: normal; background-color: #ffffff; text-decoration-thickness: initial; text-decoration-style: initial; text-decoration-color: initial;\"><\/section>\n<p>[\/et_pb_text][\/et_pb_column][\/et_pb_row][et_pb_row _builder_version=&#8221;4.16&#8243; background_size=&#8221;initial&#8221; background_position=&#8221;top_left&#8221; background_repeat=&#8221;repeat&#8221; global_colors_info=&#8221;{}&#8221;][et_pb_column type=&#8221;4_4&#8243; _builder_version=&#8221;4.16&#8243; custom_padding=&#8221;|||&#8221; global_colors_info=&#8221;{}&#8221; custom_padding__hover=&#8221;|||&#8221;][et_pb_text _builder_version=&#8221;4.27.4&#8243; _module_preset=&#8221;default&#8221; custom_margin=&#8221;0px||||false|false&#8221; custom_padding=&#8221;0px||||false|false&#8221; hover_enabled=&#8221;0&#8243; global_colors_info=&#8221;{}&#8221; sticky_enabled=&#8221;0&#8243;]<\/p>\n<p>The Introduction to the African Reality Course\u2019 objective is to familiarize the interested public with the history and the actuality of sub-Saharan Africa. African reality appears more and more frequently in our social and economic horizon, through the media, migration movements or Spanish foreign policy, including development aid.\u00a0 African Studies are the best guarantee to have access to a realistic knowledge about an extremely complex continent, with very diverse economic, political, social and cultural tendencies.<\/p>\n<p>The\u00a0Introduction to the African Reality Course offers a multidisciplinary formation, structured in six modules (history, politics, international relations, economy, anthropology, and culture and society) in order to understand not only what is happening in the continent but its relations to the rest of the world and the manner it inserts in the international system. The course gathers renowned Spanish specialists and researchers on Africa, and it is aimed at a broad public willing to know more about the African continent, and to those professionals desiring to get a better understanding about the historical dynamics and the international context that characterize the continent.<\/p>\n<p>Since 2002, <a href=\"https:\/\/web.archive.org\/web\/20240124153444\/http:\/\/www.lacasaencendida.es\/\">La Casa Encendida<\/a> has contributed to the realization of this course with its economic support and hosting the sessions.<\/p>\n<p><strong><a href=\"https:\/\/www.lacasaencendida.es\/cursos\/cooperacion\/introduccion-realidad-africana-12772\">https:\/\/www.lacasaencendida.es\/cursos\/cooperacion\/introduccion-realidad-africana-12772<\/a>\u00a0<\/strong><\/p>\n<p><strong><a href=\"https:\/\/www.lacasaencendida.es\/sites\/default\/files\/programa_completo_9.pdf\">https:\/\/www.lacasaencendida.es\/sites\/default\/files\/programa_completo_9.pdf<\/a><\/strong><\/p>\n<p>&nbsp;<\/p>\n<p>[\/et_pb_text][\/et_pb_column][\/et_pb_row][\/et_pb_section]<\/p>\n","protected":false},"excerpt":{"rendered":"<p><span><span><a href=\"https:\/\/grupodeestudiosafricanos.org\/en\/inicio\">Inicio<\/a><\/span><\/span>Foto cedida por Pablo Guti\u00e9rrez Barbadillo, derechos reservados. The Introduction to the African Reality Course\u2019 objective is to familiarize the interested public with the history and the actuality of sub-Saharan Africa. African reality appears more and more frequently in our social and economic horizon, through the media, migration movements or Spanish foreign policy, including development [&hellip;]<\/p>\n","protected":false},"author":2,"featured_media":9763,"parent":11896,"menu_order":0,"comment_status":"closed","ping_status":"closed","template":"","meta":{"_acf_changed":false,"_et_pb_use_builder":"on","_et_pb_old_content":"<!-- wp:paragraph -->\n<p><\/p>\n<!-- \/wp:paragraph -->\n\n<p style=\"text-align: justify;\">El <strong>Curso de Introducci\u00f3n a la Realidad Africana<\/strong> (CIRA) tiene por objetivo familiarizar al p\u00fablico interesado con la historia y la actualidad del \u00c1frica subsahariana. La realidad africana aparece en nuestro horizonte social y econ\u00f3mico cada vez con m\u00e1s frecuencia, tanto a trav\u00e9s de los medios de comunicaci\u00f3n, la migraci\u00f3n o la pol\u00edtica exterior espa\u00f1ola incluida la cooperaci\u00f3n al desarrollo. Los estudios sobre \u00c1frica, sus estados y sociedades, son la mejor garant\u00eda de un conocimiento realista y cercano sobre un continente enormemente complejo y con una gran diversidad de situaciones pol\u00edticas, econ\u00f3micas, sociales y culturales.<\/p>\n<p style=\"text-align: justify;\">El CIRA ofrece una formaci\u00f3n multidisciplinar, articulada en seis m\u00f3dulos (historia, pol\u00edtica, relaciones internacionales, econom\u00eda, antropolog\u00eda, cultura y sociedad), para entender no s\u00f3lo lo que ocurre en el continente sino tambi\u00e9n en sus relaciones con el resto del mundo y c\u00f3mo se inserta dentro del sistema internacional. El curso cuenta con reconocidos especialistas e investigadores sobre \u00c1frica en Espa\u00f1a y est\u00e1 dirigido a todas aquellas personas interesadas en conocer m\u00e1s de cerca el continente africano y a aquellas personas que por su trayectoria profesional deseen comprender mejor las din\u00e1micas hist\u00f3ricas y el contexto internacional que caracterizan al continente africano.<\/p>\n<p style=\"text-align: justify;\">Desde el a\u00f1o 2002 <a href=\"http:\/\/www.lacasaencendida.es\/\" target=\"_blank\" rel=\"noopener noreferrer\">La Casa Encendida<\/a> ha contribuido a la realizaci\u00f3n de este curso mediante su financiaci\u00f3n y acogi\u00e9ndolo en sus instalaciones.<\/p>\n<p style=\"text-align: justify;\"><span style=\"background-color: #f1c232;\">#CIRA2022<\/span><\/p>\n<div class=\"banner-cira\">\n<div class=\"banner-cira-third\">\n<p><strong>Ver:\u00a0 <a href=\"https:\/\/www.lacasaencendida.es\/cursos\/cooperacion\/introduccion-realidad-africana-12772\">https:\/\/www.lacasaencendida.es\/cursos\/cooperacion\/introduccion-realidad-africana-12772<\/a>\u00a0<\/strong><\/p>\n<p><strong>Programa<\/strong>:\u00a0<a href=\"https:\/\/www.lacasaencendida.es\/sites\/default\/files\/programa_completo_9.pdf\">https:\/\/www.lacasaencendida.es\/sites\/default\/files\/programa_completo_9.pdf<\/a><\/p>\n<\/div>\n<\/div>\n\n<!-- wp:paragraph -->\n<p><\/p>\n<!-- \/wp:paragraph -->","_et_gb_content_width":"","footnotes":""},"class_list":["post-11914","page","type-page","status-publish","has-post-thumbnail","hentry"],"acf":[],"_links":{"self":[{"href":"https:\/\/grupodeestudiosafricanos.org\/en\/wp-json\/wp\/v2\/pages\/11914","targetHints":{"allow":["GET"]}}],"collection":[{"href":"https:\/\/grupodeestudiosafricanos.org\/en\/wp-json\/wp\/v2\/pages"}],"about":[{"href":"https:\/\/grupodeestudiosafricanos.org\/en\/wp-json\/wp\/v2\/types\/page"}],"author":[{"embeddable":true,"href":"https:\/\/grupodeestudiosafricanos.org\/en\/wp-json\/wp\/v2\/users\/2"}],"replies":[{"embeddable":true,"href":"https:\/\/grupodeestudiosafricanos.org\/en\/wp-json\/wp\/v2\/comments?post=11914"}],"version-history":[{"count":2,"href":"https:\/\/grupodeestudiosafricanos.org\/en\/wp-json\/wp\/v2\/pages\/11914\/revisions"}],"predecessor-version":[{"id":11916,"href":"https:\/\/grupodeestudiosafricanos.org\/en\/wp-json\/wp\/v2\/pages\/11914\/revisions\/11916"}],"up":[{"embeddable":true,"href":"https:\/\/grupodeestudiosafricanos.org\/en\/wp-json\/wp\/v2\/pages\/11896"}],"wp:featuredmedia":[{"embeddable":true,"href":"https:\/\/grupodeestudiosafricanos.org\/en\/wp-json\/wp\/v2\/media\/9763"}],"wp:attachment":[{"href":"https:\/\/grupodeestudiosafricanos.org\/en\/wp-json\/wp\/v2\/media?parent=11914"}],"curies":[{"name":"wp","href":"https:\/\/api.w.org\/{rel}","templated":true}]}}