{"id":11896,"date":"2014-09-21T17:24:50","date_gmt":"2014-09-21T17:24:50","guid":{"rendered":"https:\/\/grupodeestudiosafricanos.org\/docencia"},"modified":"2025-08-08T15:43:42","modified_gmt":"2025-08-08T15:43:42","slug":"teaching","status":"publish","type":"page","link":"https:\/\/grupodeestudiosafricanos.org\/en\/teaching","title":{"rendered":"Teaching"},"content":{"rendered":"<p>[et_pb_section fb_built=&#8221;1&#8243; _builder_version=&#8221;4.16&#8243; global_colors_info=&#8221;{}&#8221;][et_pb_row use_custom_gutter=&#8221;on&#8221; gutter_width=&#8221;1&#8243; _builder_version=&#8221;4.27.4&#8243; _module_preset=&#8221;default&#8221; global_colors_info=&#8221;{}&#8221;][et_pb_column type=&#8221;4_4&#8243; _builder_version=&#8221;4.27.4&#8243; _module_preset=&#8221;default&#8221; global_colors_info=&#8221;{}&#8221;][et_pb_post_title meta=&#8221;off&#8221; featured_image=&#8221;off&#8221; _builder_version=&#8221;4.27.4&#8243; _module_preset=&#8221;default&#8221; title_font=&#8221;Oswald||||||||&#8221; title_text_color=&#8221;#444444&#8243; title_font_size=&#8221;42px&#8221; width=&#8221;75%&#8221; custom_margin=&#8221;||25px||false|false&#8221; custom_padding=&#8221;0px||0px||false|false&#8221; custom_css_post_image=&#8221;margin-top: 10px&#8221; global_colors_info=&#8221;{}&#8221; theme_builder_area=&#8221;post_content&#8221;][\/et_pb_post_title][et_pb_code _builder_version=&#8221;4.27.4&#8243; _module_preset=&#8221;default&#8221; custom_margin=&#8221;||25px||false|false&#8221; global_colors_info=&#8221;{}&#8221;]<span><span><a href=\"https:\/\/grupodeestudiosafricanos.org\/en\/inicio\">Inicio<\/a><\/span><\/span>[\/et_pb_code][et_pb_post_title title=&#8221;off&#8221; meta=&#8221;off&#8221; _builder_version=&#8221;4.27.4&#8243; _module_preset=&#8221;default&#8221; title_font=&#8221;Oswald||||||||&#8221; title_text_color=&#8221;#444444&#8243; title_font_size=&#8221;42px&#8221; width=&#8221;100%&#8221; custom_margin=&#8221;||0px||false|false&#8221; custom_padding=&#8221;0px||0px||false|false&#8221; custom_css_post_image=&#8221;margin-top: 10px&#8221; global_colors_info=&#8221;{}&#8221;][\/et_pb_post_title][et_pb_text _builder_version=&#8221;4.25.1&#8243; _module_preset=&#8221;default&#8221; text_font_size=&#8221;11px&#8221; text_orientation=&#8221;right&#8221; custom_margin=&#8221;0px||0px||false|false&#8221; custom_padding=&#8221;5px||30px||false|false&#8221; global_colors_info=&#8221;{}&#8221;]<\/p>\n<p><em>Foto cedida por Pablo Guti\u00e9rrez Barbadillo, derechos reservados.<br \/><\/em><\/p>\n<section class=\"content\" style=\"outline: none !important; box-sizing: border-box; display: block; font-size: 14px; line-height: 26px; color: #333333; font-family: 'Helvetica Neue', Helvetica, Arial, sans-serif; font-style: normal; font-variant-ligatures: normal; font-variant-caps: normal; font-weight: 400; letter-spacing: normal; orphans: 2; text-align: start; text-indent: 0px; text-transform: none; widows: 2; word-spacing: 0px; -webkit-text-stroke-width: 0px; white-space: normal; background-color: #ffffff; text-decoration-thickness: initial; text-decoration-style: initial; text-decoration-color: initial;\"><\/section>\n<p>[\/et_pb_text][\/et_pb_column][\/et_pb_row][et_pb_row _builder_version=&#8221;4.16&#8243; background_size=&#8221;initial&#8221; background_position=&#8221;top_left&#8221; background_repeat=&#8221;repeat&#8221; global_colors_info=&#8221;{}&#8221;][et_pb_column type=&#8221;4_4&#8243; _builder_version=&#8221;4.16&#8243; custom_padding=&#8221;|||&#8221; global_colors_info=&#8221;{}&#8221; custom_padding__hover=&#8221;|||&#8221;][et_pb_text _builder_version=&#8221;4.27.4&#8243; _module_preset=&#8221;default&#8221; link_text_color=&#8221;#E09900&#8243; custom_margin=&#8221;0px||||false|false&#8221; custom_padding=&#8221;0px||||false|false&#8221; global_colors_info=&#8221;{}&#8221;]<\/p>\n<p>Teaching activities constitute one of our main working areas. Our researchers participate in several graduate and postgraduate courses; we have a Doctoral Program, two yearly programs, and we organize specific courses.<\/p>\n<p>[\/et_pb_text][\/et_pb_column][\/et_pb_row][et_pb_row _builder_version=&#8221;4.25.1&#8243; _module_preset=&#8221;default&#8221; global_colors_info=&#8221;{}&#8221;][et_pb_column type=&#8221;4_4&#8243; _builder_version=&#8221;4.25.1&#8243; _module_preset=&#8221;default&#8221; global_colors_info=&#8221;{}&#8221;][et_pb_blurb title=&#8221;MASTER IN INTERNATIONAL RELATIONS AND AFRICAN STUDIES &#8221; url=&#8221;http:\/\/bit.ly\/1tMYmAV&#8221; url_new_window=&#8221;on&#8221; use_icon=&#8221;on&#8221; font_icon=&#8221;&#xf19d;||fa||900&#8243; icon_color=&#8221;#E09900&#8243; icon_placement=&#8221;left&#8221; _builder_version=&#8221;4.27.4&#8243; _module_preset=&#8221;default&#8221; header_text_color=&#8221;#E09900&#8243; body_link_text_color=&#8221;#E09900&#8243; custom_margin=&#8221;|0px|30px|0px|false|false&#8221; custom_padding=&#8221;|0px|30px|0px|false|false&#8221; border_width_bottom=&#8221;1px&#8221; border_color_bottom=&#8221;#eaeaea&#8221; global_colors_info=&#8221;{}&#8221;]<\/p>\n<p>The <a href=\"https:\/\/web.archive.org\/web\/20240224001930\/http:\/\/www.uam.es\/ss\/Satellite\/Derecho\/es\/1242658864684\/subhome\/Master_en_Relaciones_Internacionales_y_Estudios_Africanos.htm\" target=\"_blank\" rel=\"noopener\">Master program in International Relations and African Studies<\/a> began in the academic year of 2000\/2001 and has been transformed into an Official Master program for the year 2006\/2007. It is based at the Department of Political Science and International Relations of Universidad Aut\u00f3noma de Madrid.<\/p>\n<p>During the past ten years, this Master has been one of the most popular of the Universidad Aut\u00f3noma de Madrid, with an average of 30 students in each edition. It is one of the best Masters in its specialty: International Relations and African Studies, offering a unique program on these two highly demanded areas of specialization. In 2014 it was <strong>ranked <\/strong>as <strong>the third best Master in International Relations in Spain<\/strong> according to the annual ranking published by the newspaper <em><a href=\"https:\/\/web.archive.org\/web\/20240224001930\/http:\/\/www.elmundo.es\/espana\/2014\/06\/17\/53a02985ca47414d528b458b.html\">El Mundo<\/a><\/em>.<\/p>\n<p>The Master offers students two possible itineraries: academic research and continuation into a PhD program; or professional insertion, through an internship in public or private institutions (among others: Ministerio de Asuntos Exteriores y Cooperaci\u00f3n, Agencia Espa\u00f1ola de Cooperaci\u00f3n Internacional para el Desarrollo, ACNUR: Alto Comisionado de la ONU para los Refugiados, Save the Children, M\u00e9dicos sin Fronteras, Interm\u00f3n Oxfam, Amnist\u00eda Internacional, Comisi\u00f3n Espa\u00f1ola de Ayuda a los Refugiados).<\/p>\n<p>The Master has obtained the Quality Mention (a special recognition issued by the Ministerio de Educaci\u00f3n y Cultura to high level postgraduate programs) for several years, and counts among its lecturers with several professors coming from different countries thanks to the special funds offered by this Ministry.<\/p>\n<p>[\/et_pb_blurb][et_pb_blurb title=&#8221;INTRODUCTORY COURSE TO THE AFRICAN REALITY&#8221; url=&#8221;\/docencia\/cira&#8221; use_icon=&#8221;on&#8221; font_icon=&#8221;&#xf19d;||fa||900&#8243; icon_color=&#8221;#E09900&#8243; icon_placement=&#8221;left&#8221; _builder_version=&#8221;4.27.4&#8243; _module_preset=&#8221;default&#8221; header_text_color=&#8221;#E09900&#8243; body_link_text_color=&#8221;#E09900&#8243; custom_margin=&#8221;|0px|30px|0px|false|false&#8221; custom_padding=&#8221;|0px|30px|0px|false|false&#8221; border_width_bottom=&#8221;1px&#8221; border_color_bottom=&#8221;#eaeaea&#8221; global_colors_info=&#8221;{}&#8221;]<\/p>\n<p>In 1999 we celebrated the first edition of the Introductory Course to the African Reality. Since 2004 the course is hosted by La Casa Encendida. The CIRA is one of the few specialized courses about African studies in Spanish language taking place every year. It has a duration of 90 hours, and is designed to introduce students from all backgrounds to the history of Sub-Saharan Africa, its political evolution on local, state and international levels, taking into consideration its economic situation and socio-anthropological reality. The professors participating in the course are among the best Africanist researchers in Spain. Through all its different editions, the CIRA has trained more than 500 students: development and humanitarian aid professionals, civil servants and undergraduate and graduate students from Europe, Africa and South America.<\/p>\n<p>[\/et_pb_blurb][et_pb_blurb title=&#8221;Other courses&#8221; url=&#8221;\/docencia\/eventos&#8221; use_icon=&#8221;on&#8221; font_icon=&#8221;&#xf19d;||fa||900&#8243; icon_color=&#8221;#E09900&#8243; icon_placement=&#8221;left&#8221; _builder_version=&#8221;4.27.4&#8243; _module_preset=&#8221;default&#8221; header_text_color=&#8221;#E09900&#8243; body_link_text_color=&#8221;#E09900&#8243; custom_margin=&#8221;|0px|30px|0px|false|false&#8221; custom_padding=&#8221;|0px|30px|0px|false|false&#8221; border_width_bottom=&#8221;1px&#8221; border_color_bottom=&#8221;#eaeaea&#8221; global_colors_info=&#8221;{}&#8221;]<\/p>\n<p>In addition to our Master and the Introductory Course to the African reality, GEA offers regularly other courses and formations in collaboration with public and private entities. Stay tuned through our website and our social networks.<\/p>\n<p>[\/et_pb_blurb][et_pb_button button_url=&#8221;\/publicaciones\/&#8221; button_text=&#8221;Clics&#8221; button_alignment=&#8221;center&#8221; disabled_on=&#8221;on|on|on&#8221; _builder_version=&#8221;4.25.1&#8243; _module_preset=&#8221;default&#8221; custom_button=&#8221;on&#8221; button_border_width=&#8221;0px&#8221; button_icon=&#8221;&#x50;||divi||400&#8243; button_icon_color=&#8221;#E09900&#8243; button_on_hover=&#8221;off&#8221; disabled=&#8221;on&#8221; global_colors_info=&#8221;{}&#8221;][\/et_pb_button][\/et_pb_column][\/et_pb_row][\/et_pb_section]<\/p>\n","protected":false},"excerpt":{"rendered":"<p><span><span><a href=\"https:\/\/grupodeestudiosafricanos.org\/en\/inicio\">Inicio<\/a><\/span><\/span>Foto cedida por Pablo Guti\u00e9rrez Barbadillo, derechos reservados. Teaching activities constitute one of our main working areas. Our researchers participate in several graduate and postgraduate courses; we have a Doctoral Program, two yearly programs, and we organize specific courses.The Master program in International Relations and African Studies began in the academic year of 2000\/2001 and [&hellip;]<\/p>\n","protected":false},"author":2,"featured_media":8669,"parent":0,"menu_order":0,"comment_status":"closed","ping_status":"closed","template":"","meta":{"_acf_changed":false,"_et_pb_use_builder":"on","_et_pb_old_content":"<p style=\"text-align: justify;\">La docencia constituye uno de los principales \u00e1mbitos de trabajo del GEA. Nuestros integrantes participan en numerosos estudios de grado y posgrado, contamos con un programa de doctorado, y realizamos anualmente dos proyectos fundamentales, a los que se suman cursos que realizamos de forma puntual.<\/p>\r\n<a title=\"M\u00c1STER DE RELACIONES INTERNACIONALES Y ESTUDIOS AFRICANOS\" href=\"http:\/\/bit.ly\/1tMYmAV\" target=\"_blank\"><i class=\"fa fa-graduation-cap fa-2x\"><\/i> <strong>M\u00c1STER DE RELACIONES INTERNACIONALES Y ESTUDIOS AFRICANOS<\/strong><\/a>\r\n<p style=\"text-align: justify;\">Por un lado, el <a href=\"http:\/\/www.uam.es\/ss\/Satellite\/Derecho\/es\/1242658864684\/subhome\/Master_en_Relaciones_Internacionales_y_Estudios_Africanos.htm\" target=\"_blank\">Master\/Doctorado en Relaciones Internacionales y Estudios Africanos, <\/a>en vigor desde el curso 2006-2007 y heredero de un Doctorado con Menci\u00f3n de Calidad en \u201cRelaciones Internacionales y Estudios africanos\u201d que ve\u00eda imparti\u00e9ndose desde 2000\/2001. Se trata de un Master que, a\u00f1o tras a\u00f1o, recibe uno de los primeros puestos del ranking de estudios de posgrado en RRII y EEAA del peri\u00f3dico <em>El Mundo<\/em> y que tiene una gran acogida por parte de los estudiantes (con un n\u00famero muy elevado anualmente de solicitudes y valoraciones muy positivas). El M\u00e1ster cubre la creciente demanda de conocimiento sobre los procesos internacionales y transnacionales y ofrecer a futuros investigadores y profesionales de la diplomacia, los organismos internacionales y la cooperaci\u00f3n al desarrollo una formaci\u00f3n de calidad que combine el estudio de las relaciones internacionales con los estudios de \u00e1rea centrados en \u00c1frica Subsahariana. Durante los \u00faltimos a\u00f1os, ha salido calificado como unos de los mejores M\u00e1ster de Relaciones Internacionales de Espa\u00f1a.<\/p>\r\n\r\n\r\n<hr \/>\r\n\r\n<a title=\"CIRA\" href=\"https:\/\/grupodeestudiosafricanos.org\/docencia\/cira\"><i class=\"fa fa-graduation-cap fa-2x\"><\/i> <strong>CURSO DE INTRODUCCI\u00d3N A LA REALIDAD AFRICANA<\/strong><\/a>\r\n<p style=\"text-align: justify;\">Desde el a\u00f1o 1999 el GEA ha venido organizando cada a\u00f1o el <strong>Curso de Introducci\u00f3n a la Realidad Africana<\/strong> (CIRA). Este curso tiene por objetivo ofrecer una formaci\u00f3n b\u00e1sica sobre las realidades del continente africano, y particularmente del \u00c1frica subsahariana a todas aquellas personas interesadas en este tem\u00e1tica. El curso, que en la actualidad tiene 90 horas de duraci\u00f3n, cubre diversos temas ligados a la historia, la pol\u00edtica y las relaciones internacionales, la econom\u00eda, la antropolog\u00eda y las sociedades africanas. Desde 2004, el curso ha contado con el respaldo econ\u00f3mico de La Casa Encendida, y se imparte en sus instalaciones.<\/p>\r\n\r\n\r\n<hr \/>\r\n\r\n<a title=\"OTROS CURSOS\" href=\"https:\/\/grupodeestudiosafricanos.org\/docencia\/eventos\"><i class=\"fa fa-graduation-cap fa-2x\"><\/i> <strong>OTROS CURSOS<\/strong><\/a>\r\n<p style=\"text-align: justify;\">Adem\u00e1s del M\u00e1ster y del CIRA, el GEA oferta regularmente otros cursos en colaboraci\u00f3n con entidades p\u00fablicas y privadas, que difundimos a trav\u00e9s de esta web y de nuestras redes sociales.<\/p>\r\n&nbsp;","_et_gb_content_width":"","footnotes":""},"class_list":["post-11896","page","type-page","status-publish","has-post-thumbnail","hentry"],"acf":[],"_links":{"self":[{"href":"https:\/\/grupodeestudiosafricanos.org\/en\/wp-json\/wp\/v2\/pages\/11896","targetHints":{"allow":["GET"]}}],"collection":[{"href":"https:\/\/grupodeestudiosafricanos.org\/en\/wp-json\/wp\/v2\/pages"}],"about":[{"href":"https:\/\/grupodeestudiosafricanos.org\/en\/wp-json\/wp\/v2\/types\/page"}],"author":[{"embeddable":true,"href":"https:\/\/grupodeestudiosafricanos.org\/en\/wp-json\/wp\/v2\/users\/2"}],"replies":[{"embeddable":true,"href":"https:\/\/grupodeestudiosafricanos.org\/en\/wp-json\/wp\/v2\/comments?post=11896"}],"version-history":[{"count":6,"href":"https:\/\/grupodeestudiosafricanos.org\/en\/wp-json\/wp\/v2\/pages\/11896\/revisions"}],"predecessor-version":[{"id":11911,"href":"https:\/\/grupodeestudiosafricanos.org\/en\/wp-json\/wp\/v2\/pages\/11896\/revisions\/11911"}],"wp:featuredmedia":[{"embeddable":true,"href":"https:\/\/grupodeestudiosafricanos.org\/en\/wp-json\/wp\/v2\/media\/8669"}],"wp:attachment":[{"href":"https:\/\/grupodeestudiosafricanos.org\/en\/wp-json\/wp\/v2\/media?parent=11896"}],"curies":[{"name":"wp","href":"https:\/\/api.w.org\/{rel}","templated":true}]}}