{"id":11879,"date":"2014-08-20T17:17:01","date_gmt":"2014-08-20T17:17:01","guid":{"rendered":"https:\/\/grupodeestudiosafricanos.org\/investigacion\/migraciones-subsaharianas"},"modified":"2025-08-08T15:24:01","modified_gmt":"2025-08-08T15:24:01","slug":"sub-saharan-migrations","status":"publish","type":"page","link":"https:\/\/grupodeestudiosafricanos.org\/en\/investigacion\/sub-saharan-migrations","title":{"rendered":"Sub-Saharan Migrations"},"content":{"rendered":"<p>[et_pb_section fb_built=&#8221;1&#8243; _builder_version=&#8221;4.27.0&#8243; _module_preset=&#8221;default&#8221; global_colors_info=&#8221;{}&#8221;][et_pb_row use_custom_gutter=&#8221;on&#8221; gutter_width=&#8221;1&#8243; _builder_version=&#8221;4.27.4&#8243; _module_preset=&#8221;default&#8221; custom_margin=&#8221;0px||||false|false&#8221; custom_padding=&#8221;0px||||false|false&#8221; global_colors_info=&#8221;{}&#8221;][et_pb_column type=&#8221;4_4&#8243; _builder_version=&#8221;4.27.4&#8243; _module_preset=&#8221;default&#8221; global_colors_info=&#8221;{}&#8221;][et_pb_post_title meta=&#8221;off&#8221; featured_image=&#8221;off&#8221; _builder_version=&#8221;4.27.4&#8243; _module_preset=&#8221;default&#8221; title_font=&#8221;Oswald||||||||&#8221; title_text_color=&#8221;#444444&#8243; title_font_size=&#8221;42px&#8221; width=&#8221;75%&#8221; custom_margin=&#8221;||25px||false|false&#8221; custom_padding=&#8221;0px||0px||false|false&#8221; custom_css_post_image=&#8221;margin-top: 10px&#8221; global_colors_info=&#8221;{}&#8221;][\/et_pb_post_title][et_pb_code _builder_version=&#8221;4.27.4&#8243; _module_preset=&#8221;default&#8221; custom_margin=&#8221;||25px||false|false&#8221; global_colors_info=&#8221;{}&#8221;]<span><span><a href=\"https:\/\/grupodeestudiosafricanos.org\/en\/inicio\">Inicio<\/a><\/span><\/span>[\/et_pb_code][et_pb_post_title title=&#8221;off&#8221; meta=&#8221;off&#8221; module_class=&#8221;pa-image-16-9&#8243; _builder_version=&#8221;4.27.4&#8243; _module_preset=&#8221;default&#8221; title_font=&#8221;Oswald||||||||&#8221; title_text_color=&#8221;#444444&#8243; title_font_size=&#8221;42px&#8221; width=&#8221;100%&#8221; height=&#8221;423px&#8221; custom_margin=&#8221;||0px||false|false&#8221; custom_padding=&#8221;0px||0px||false|false&#8221; custom_css_post_image=&#8221;margin-top: 10px&#8221; global_colors_info=&#8221;{}&#8221;][\/et_pb_post_title][\/et_pb_column][\/et_pb_row][et_pb_row column_structure=&#8221;1_2,1_2&#8243; _builder_version=&#8221;4.25.1&#8243; _module_preset=&#8221;default&#8221; collapsed=&#8221;off&#8221; global_colors_info=&#8221;{}&#8221;][et_pb_column type=&#8221;1_2&#8243; _builder_version=&#8221;4.25.1&#8243; _module_preset=&#8221;default&#8221; custom_css_main_element=&#8221;width: 70% !important;&#8221; global_colors_info=&#8221;{}&#8221; custom_css_main_element_last_edited=&#8221;on|desktop&#8221; custom_css_main_element_tablet=&#8221;width: auto;&#8221; custom_css_main_element_phone=&#8221;width: auto;&#8221;][et_pb_text _builder_version=&#8221;4.27.4&#8243; _module_preset=&#8221;default&#8221; text_font=&#8221;Oswald|||on|||||&#8221; text_text_color=&#8221;#E09900&#8243; header_2_text_color=&#8221;#E09900&#8243; header_2_font_size=&#8221;20px&#8221; custom_margin=&#8221;20px||10px|0px|false|false&#8221; hover_enabled=&#8221;0&#8243; custom_css_main_element=&#8221;text-transform: none !important;&#8221; global_colors_info=&#8221;{}&#8221; sticky_enabled=&#8221;0&#8243;]<\/p>\n<h2>Presentation<\/h2>\n<p>[\/et_pb_text][et_pb_text _builder_version=&#8221;4.27.4&#8243; _module_preset=&#8221;default&#8221; custom_margin=&#8221;0px||||false|false&#8221; custom_padding=&#8221;0px||||false|false&#8221; hover_enabled=&#8221;0&#8243; global_colors_info=&#8221;{}&#8221; sticky_enabled=&#8221;0&#8243;]<\/p>\n<p>This line of research approaches the different forms of human mobility (economic migrations, refugees, human traffic, cultural or religious mobilities, freedom of movement within regional integration spaces, etc.) as well as its connections to the political dynamics and processes of the African continent.<\/p>\n<p>The main objective of the line is the multidisciplinary analysis of human mobilities from and within Africa, taking into account their different dynamics and the form in which these phenomena are pretended to be managed from local, state and supranational instances (design and policy implementation) emphasizing a Human Rights analytical perspective. Our goals are:<\/p>\n<ul>\n<li>To consolidate and enlarge the knowledge in human mobility and human rights from and within Africa, including tangential subjects (borders, refugees, migration, development, diaspora, migration policy, critical approaches in security, etc..) favoring reflexion and debate.<\/li>\n<li>To contribute to the visibilization of the differents actors in the field of enquiry of migrations (policies and practices).<\/li>\n<li>To promote research via scientific exchange with other universities and research centres within the field of migrations<\/li>\n<li>To provide agents involved in the making of executive policies with tools that contribute to their knowledge, their daily practice and the implementation of public action in the field of migrations.<\/li>\n<li>To explore and to analyze the processes of institutional strengthening or governance of migrations by means of representative case studies emphasizing the way in which migrations are approached within the Human Rights perspective.<\/li>\n<\/ul>\n<p>[\/et_pb_text][et_pb_divider color=&#8221;#eaeaea&#8221; _builder_version=&#8221;4.25.1&#8243; _module_preset=&#8221;default&#8221; global_colors_info=&#8221;{}&#8221;][\/et_pb_divider][et_pb_text _builder_version=&#8221;4.27.4&#8243; _module_preset=&#8221;default&#8221; text_font=&#8221;Oswald|||on|||||&#8221; text_text_color=&#8221;#E09900&#8243; header_2_text_color=&#8221;#E09900&#8243; header_2_font_size=&#8221;20px&#8221; custom_margin=&#8221;20px||10px|0px|false|false&#8221; hover_enabled=&#8221;0&#8243; custom_css_main_element=&#8221;text-transform: none !important;&#8221; global_colors_info=&#8221;{}&#8221; sticky_enabled=&#8221;0&#8243;]<\/p>\n<h2>Publications<\/h2>\n<p>[\/et_pb_text][et_pb_text _builder_version=&#8221;4.27.0&#8243; _module_preset=&#8221;default&#8221; text_text_color=&#8221;#333333&#8243; text_line_height=&#8221;1.5em&#8221; link_text_color=&#8221;#333333&#8243; link_line_height=&#8221;7px&#8221; custom_margin=&#8221;||50px||false|false&#8221; global_colors_info=&#8221;{}&#8221;]<\/p>\n<ul>\n<li><a href=\"https:\/\/grupodeestudiosafricanos.org\/publicaciones\/ser-africano-maresme\"><em>Ser Africano en el Maresme<\/em>, \u00daltima L\u00ednea, 2014<\/a>.<\/li>\n<li><a href=\"https:\/\/grupodeestudiosafricanos.org\/publicaciones\/migrations-mediterranee\"><em>Enjeux et perspectives des migrations en M\u00e9diterran\u00e9e<\/em>, Histoire &amp; Libert\u00e9, 2014<\/a>.<\/li>\n<li><a href=\"https:\/\/grupodeestudiosafricanos.org\/publicaciones\/negotiating-labour-migration\"><em>Negotiating labour migration. A comparison of French and Spanish Bilateral Labour Agreements with Morocco<\/em>, FIERI, 2014<\/a>. <a href=\"https:\/\/grupodeestudiosafricanos.org\/cms\/wp-content\/uploads\/2015\/06\/JOLIVEL-2014-French-Spanich-Bilateral-Labour-Agreements-Morocco-Report.pdf\"><strong>PDF<\/strong><\/a><\/li>\n<li><a href=\"https:\/\/grupodeestudiosafricanos.org\/publicaciones\/africa-movimiento-migraciones-internas-externas\"><em>\u00c1frica en movimiento. Migraciones internas y externas<\/em>, Los Libros de la Catarata, 2012<\/a>.<\/li>\n<li><a href=\"https:\/\/grupodeestudiosafricanos.org\/publicaciones\/coherencia-politicas-espanolas-africa-migraciones\"><em>Coherencia de Pol\u00edticas Espa\u00f1olas hacia \u00c1frica: Migraciones<\/em>, Grupo de Estudios Africanos, 2011<\/a>. <a href=\"https:\/\/grupodeestudiosafricanos.org\/cms\/wp-content\/uploads\/2014\/11\/INFORME_MIGRACIONES_FULL_OK.pdf\"><strong>PDF<\/strong><\/a><\/li>\n<li><a href=\"https:\/\/grupodeestudiosafricanos.org\/publicaciones\/inmigracion-senegalesa-espana\"><em>Las l\u00f3gicas de la inmigraci\u00f3n senegalesa en Espa\u00f1a<\/em>, Revista de Derecho Migratorio y Extranjer\u00eda, 2011<\/a>. <a href=\"https:\/\/grupodeestudiosafricanos.org\/cms\/wp-content\/uploads\/2015\/06\/JABARDO-2011-L\u00f3gicas-Inmigraci\u00f3n-Senegalesa-Espa\u00f1a.pdf\"><strong>PDF<\/strong><\/a><\/li>\n<li><a href=\"https:\/\/grupodeestudiosafricanos.org\/publicaciones\/camino-de-arena\"><em>El camino de arena. Crear redes para la vinculaci\u00f3n entre migraci\u00f3n y desarrollo<\/em>, Los Libros de la Catarata, 2011<\/a>.<\/li>\n<li><a href=\"https:\/\/grupodeestudiosafricanos.org\/publicaciones\/senegaleses-espana\"><em>Senegaleses en Espa\u00f1a. Conexiones entre origen y destino<\/em>, Ministerio de Trabajo y Asuntos Sociales, 2006<\/a>. <a href=\"https:\/\/grupodeestudiosafricanos.org\/cms\/wp-content\/uploads\/2015\/06\/JABARDO-2006-Senegaleses-en-Espa\u00f1a.pdf\"><strong>PDF<\/strong><\/a><\/li>\n<\/ul>\n<p>[\/et_pb_text][\/et_pb_column][et_pb_column type=&#8221;1_2&#8243; _builder_version=&#8221;4.25.1&#8243; _module_preset=&#8221;default&#8221; custom_css_main_element=&#8221;width: 20% !important;&#8221; global_colors_info=&#8221;{}&#8221; custom_css_main_element_last_edited=&#8221;on|desktop&#8221; custom_css_main_element_tablet=&#8221;width: auto;&#8221; custom_css_main_element_phone=&#8221;width: auto;&#8221;][et_pb_text _builder_version=&#8221;4.27.4&#8243; _module_preset=&#8221;default&#8221; text_font=&#8221;Oswald|||on|||||&#8221; text_text_color=&#8221;#E09900&#8243; header_2_text_color=&#8221;#E09900&#8243; header_2_font_size=&#8221;20px&#8221; custom_margin=&#8221;20px||10px|0px|false|false&#8221; hover_enabled=&#8221;0&#8243; custom_css_main_element=&#8221;text-transform: none !important;&#8221; global_colors_info=&#8221;{}&#8221; sticky_enabled=&#8221;0&#8243;]<\/p>\n<h2>Coordination<\/h2>\n<p>[\/et_pb_text][et_pb_text _builder_version=&#8221;4.27.0&#8243; _module_preset=&#8221;default&#8221; text_text_color=&#8221;#333333&#8243; text_line_height=&#8221;1.5em&#8221; link_text_color=&#8221;#333333&#8243; link_line_height=&#8221;7px&#8221; custom_margin=&#8221;||50px||false|false&#8221; global_colors_info=&#8221;{}&#8221;]<\/p>\n<p><a href=\"https:\/\/grupodeestudiosafricanos.org\/integrantes\/seron-aires-gema\">Gema Ser\u00f3n Aires<\/a><\/p>\n<p>[\/et_pb_text][et_pb_text _builder_version=&#8221;4.27.0&#8243; _module_preset=&#8221;default&#8221; global_colors_info=&#8221;{}&#8221;][\/et_pb_text][et_pb_text _builder_version=&#8221;4.27.4&#8243; _module_preset=&#8221;default&#8221; text_font=&#8221;Oswald|||on|||||&#8221; text_text_color=&#8221;#E09900&#8243; header_2_text_color=&#8221;#E09900&#8243; header_2_font_size=&#8221;20px&#8221; custom_margin=&#8221;20px||10px|0px|false|false&#8221; hover_enabled=&#8221;0&#8243; custom_css_main_element=&#8221;text-transform: none !important;&#8221; global_colors_info=&#8221;{}&#8221; sticky_enabled=&#8221;0&#8243;]<\/p>\n<h2>Members<\/h2>\n<p>[\/et_pb_text][et_pb_text _builder_version=&#8221;4.27.0&#8243; _module_preset=&#8221;default&#8221; text_text_color=&#8221;#333333&#8243; text_line_height=&#8221;1.5em&#8221; link_text_color=&#8221;#333333&#8243; link_line_height=&#8221;7px&#8221; custom_margin=&#8221;||50px||false|false&#8221; global_colors_info=&#8221;{}&#8221;]<\/p>\n<p><a href=\"https:\/\/grupodeestudiosafricanos.org\/integrantes\/gazquez-jose-luis\">Jos\u00e9 Luis G\u00e1zquez<\/a><\/p>\n<p><a href=\"https:\/\/grupodeestudiosafricanos.org\/integrantes\/jabardo-velasco-mercedes\">Mercedes Jabardo Velasco<\/a><\/p>\n<p><a href=\"https:\/\/grupodeestudiosafricanos.org\/integrantes\/jolivel-audrey\">Audrey Jolivel<\/a><\/p>\n<p><a href=\"https:\/\/grupodeestudiosafricanos.org\/integrantes\/oriol-puig\">Oriol Puig<\/a><\/p>\n<p><a href=\"https:\/\/grupodeestudiosafricanos.org\/integrantes\/perez-sanchez-susana\">Susana P\u00e9rez S\u00e1nchez<\/a><\/p>\n<p><a href=\"https:\/\/grupodeestudiosafricanos.org\/integrantes\/rivero-rodriguez-juan\">Juan Rivero Rodr\u00edguez<\/a><\/p>\n<p><a href=\"https:\/\/grupodeestudiosafricanos.org\/integrantes\/serrano-martin-vidales-maria\">Mar\u00eda Serrano Mart\u00edn de Vidales<\/a><\/p>\n<p>[\/et_pb_text][et_pb_text disabled_on=&#8221;on|on|on&#8221; _builder_version=&#8221;4.27.0&#8243; _module_preset=&#8221;default&#8221; text_font=&#8221;Oswald|||on|||||&#8221; text_text_color=&#8221;#E09900&#8243; header_2_text_color=&#8221;#E09900&#8243; header_2_font_size=&#8221;20px&#8221; custom_margin=&#8221;20px||10px|0px|false|false&#8221; custom_css_main_element=&#8221;text-transform: none !important;&#8221; disabled=&#8221;on&#8221; global_colors_info=&#8221;{}&#8221;]<\/p>\n<h2>Colaboradores<\/h2>\n<p>[\/et_pb_text][et_pb_text disabled_on=&#8221;on|on|on&#8221; _builder_version=&#8221;4.27.0&#8243; _module_preset=&#8221;default&#8221; text_text_color=&#8221;#333333&#8243; text_line_height=&#8221;1.5em&#8221; link_text_color=&#8221;#333333&#8243; link_line_height=&#8221;7px&#8221; custom_margin=&#8221;||50px||false|false&#8221; disabled=&#8221;on&#8221; global_colors_info=&#8221;{}&#8221;]<\/p>\n<p>Caballero, Sergio (UAM y Antonio de Nebrija)<\/p>\n<p>Garc\u00eda de la Cruz, Manuel<\/p>\n<p>Montoya, Ainhoa (Universidad de Londres)<\/p>\n<p>Rodr\u00edguez, Margarita (Univ. Nova Lisboa)<\/p>\n<p>Santana, Germ\u00e1n (ULPGC)<\/p>\n<p>S\u00e1nchez, \u00c1ngeles<\/p>\n<p>[\/et_pb_text][\/et_pb_column][\/et_pb_row][\/et_pb_section]<\/p>\n","protected":false},"excerpt":{"rendered":"<p><span><span><a href=\"https:\/\/grupodeestudiosafricanos.org\/en\/inicio\">Inicio<\/a><\/span><\/span>PresentationThis line of research approaches the different forms of human mobility (economic migrations, refugees, human traffic, cultural or religious mobilities, freedom of movement within regional integration spaces, etc.) as well as its connections to the political dynamics and processes of the African continent. The main objective of the line is the multidisciplinary analysis of human [&hellip;]<\/p>\n","protected":false},"author":1,"featured_media":8471,"parent":11061,"menu_order":0,"comment_status":"closed","ping_status":"closed","template":"","meta":{"_acf_changed":false,"_et_pb_use_builder":"on","_et_pb_old_content":"<h3 style=\"text-align: justify;\">Presentaci\u00f3n<\/h3>\r\n<p style=\"text-align: justify;\">Esta l\u00ednea de investigaci\u00f3n aborda las diferentes formas de movilidad humana (migraciones econ\u00f3micas, refugiados, trata, movilidades culturales o religiosas, libertad de movimientos en espacios de integraci\u00f3n regional, etc\u2026) y sus conexiones con los procesos y din\u00e1micas pol\u00edticas en el continente africano.<\/p>\r\n<p style=\"text-align: justify;\">El objetivo principal de la l\u00ednea es el an\u00e1lisis multidisciplinar de las movilidades humanas en y desde \u00c1frica, atendiendo a las diferentes din\u00e1micas derivadas y a la forma en que se pretende gestionar estos fen\u00f3menos desde instancias locales, estatales y supranacionales (\u00e1mbito del dise\u00f1o e implementaci\u00f3n de pol\u00edticas), haciendo especial hincapi\u00e9 en el an\u00e1lisis desde la perspectiva de Derechos Humanos. As\u00ed, se pretende:<\/p>\r\n\r\n<ul>\r\n\t<li style=\"text-align: justify;\">\u00a0Consolidar y aumentar el conocimiento en materia de movilidad y derechos humanos en y desde \u00c1frica, incluyendo temas tangenciales (fronteras, refugiados, migraci\u00f3n y desarrollo, di\u00e1spora, pol\u00edticas migratorias, enfoques cr\u00edticos de seguridad, etc\u2026), y favoreciendo la reflexi\u00f3n y el debate.<\/li>\r\n\t<li style=\"text-align: justify;\">\u00a0Visibilizar la agencia de los diferentes actores en terreno en el \u00e1mbito de las migraciones (pol\u00edticas y pr\u00e1cticas)<\/li>\r\n\t<li style=\"text-align: justify;\">\u00a0Consolidar la l\u00ednea de trabajo de intercambio cient\u00edfico en el \u00e1mbito de las migraciones entre universidades y otros tipos de centros de investigaci\u00f3n (fundaciones, think-tanks, etc.)<\/li>\r\n\t<li style=\"text-align: justify;\">\u00a0Dotar a los agentes involucrados en las pol\u00edticas ejecutivas relacionadas con las migraciones de herramientas que contribuyan a mejorar su conocimiento, su pr\u00e1ctica cotidiana y la acci\u00f3n p\u00fablica en materia de migraciones.<\/li>\r\n\t<li style=\"text-align: justify;\">\u00a0Explorar y analizar procesos de fortalecimiento institucional o de gobernanza de las migraciones mediante estudios de caso representativos y con especial \u00e9nfasis en c\u00f3mo son abordadas las migraciones desde la perspectiva de Derechos Humanos.<\/li>\r\n<\/ul>","_et_gb_content_width":"","footnotes":""},"class_list":["post-11879","page","type-page","status-publish","has-post-thumbnail","hentry"],"acf":[],"_links":{"self":[{"href":"https:\/\/grupodeestudiosafricanos.org\/en\/wp-json\/wp\/v2\/pages\/11879","targetHints":{"allow":["GET"]}}],"collection":[{"href":"https:\/\/grupodeestudiosafricanos.org\/en\/wp-json\/wp\/v2\/pages"}],"about":[{"href":"https:\/\/grupodeestudiosafricanos.org\/en\/wp-json\/wp\/v2\/types\/page"}],"author":[{"embeddable":true,"href":"https:\/\/grupodeestudiosafricanos.org\/en\/wp-json\/wp\/v2\/users\/1"}],"replies":[{"embeddable":true,"href":"https:\/\/grupodeestudiosafricanos.org\/en\/wp-json\/wp\/v2\/comments?post=11879"}],"version-history":[{"count":3,"href":"https:\/\/grupodeestudiosafricanos.org\/en\/wp-json\/wp\/v2\/pages\/11879\/revisions"}],"predecessor-version":[{"id":11888,"href":"https:\/\/grupodeestudiosafricanos.org\/en\/wp-json\/wp\/v2\/pages\/11879\/revisions\/11888"}],"up":[{"embeddable":true,"href":"https:\/\/grupodeestudiosafricanos.org\/en\/wp-json\/wp\/v2\/pages\/11061"}],"wp:featuredmedia":[{"embeddable":true,"href":"https:\/\/grupodeestudiosafricanos.org\/en\/wp-json\/wp\/v2\/media\/8471"}],"wp:attachment":[{"href":"https:\/\/grupodeestudiosafricanos.org\/en\/wp-json\/wp\/v2\/media?parent=11879"}],"curies":[{"name":"wp","href":"https:\/\/api.w.org\/{rel}","templated":true}]}}