{"id":11878,"date":"2014-08-20T17:13:26","date_gmt":"2014-08-20T17:13:26","guid":{"rendered":"https:\/\/grupodeestudiosafricanos.org\/investigacion\/integracion-regional-y-desarrollo-rural"},"modified":"2025-08-08T15:30:26","modified_gmt":"2025-08-08T15:30:26","slug":"regional-integration-and-rural-development","status":"publish","type":"page","link":"https:\/\/grupodeestudiosafricanos.org\/en\/investigacion\/regional-integration-and-rural-development","title":{"rendered":"Regional integration and rural development"},"content":{"rendered":"<p>[et_pb_section fb_built=&#8221;1&#8243; _builder_version=&#8221;4.27.0&#8243; _module_preset=&#8221;default&#8221; global_colors_info=&#8221;{}&#8221;][et_pb_row use_custom_gutter=&#8221;on&#8221; gutter_width=&#8221;1&#8243; _builder_version=&#8221;4.27.4&#8243; _module_preset=&#8221;default&#8221; custom_margin=&#8221;0px||||false|false&#8221; custom_padding=&#8221;0px||||false|false&#8221; global_colors_info=&#8221;{}&#8221;][et_pb_column type=&#8221;4_4&#8243; _builder_version=&#8221;4.27.4&#8243; _module_preset=&#8221;default&#8221; global_colors_info=&#8221;{}&#8221;][et_pb_post_title meta=&#8221;off&#8221; featured_image=&#8221;off&#8221; _builder_version=&#8221;4.27.4&#8243; _module_preset=&#8221;default&#8221; title_font=&#8221;Oswald||||||||&#8221; title_text_color=&#8221;#444444&#8243; title_font_size=&#8221;42px&#8221; width=&#8221;75%&#8221; custom_margin=&#8221;||25px||false|false&#8221; custom_padding=&#8221;0px||0px||false|false&#8221; custom_css_post_image=&#8221;margin-top: 10px&#8221; global_colors_info=&#8221;{}&#8221;][\/et_pb_post_title][et_pb_code _builder_version=&#8221;4.27.4&#8243; _module_preset=&#8221;default&#8221; custom_margin=&#8221;||25px||false|false&#8221; global_colors_info=&#8221;{}&#8221;]<span><span><a href=\"https:\/\/grupodeestudiosafricanos.org\/en\/inicio\">Inicio<\/a><\/span><\/span>[\/et_pb_code][et_pb_post_title title=&#8221;off&#8221; meta=&#8221;off&#8221; module_class=&#8221;pa-image-16-9&#8243; _builder_version=&#8221;4.27.4&#8243; _module_preset=&#8221;default&#8221; title_font=&#8221;Oswald||||||||&#8221; title_text_color=&#8221;#444444&#8243; title_font_size=&#8221;42px&#8221; width=&#8221;100%&#8221; height=&#8221;423px&#8221; custom_margin=&#8221;||0px||false|false&#8221; custom_padding=&#8221;0px||0px||false|false&#8221; custom_css_post_image=&#8221;margin-top: 10px&#8221; global_colors_info=&#8221;{}&#8221;][\/et_pb_post_title][\/et_pb_column][\/et_pb_row][et_pb_row column_structure=&#8221;1_2,1_2&#8243; _builder_version=&#8221;4.25.1&#8243; _module_preset=&#8221;default&#8221; collapsed=&#8221;on&#8221; global_colors_info=&#8221;{}&#8221;][et_pb_column type=&#8221;1_2&#8243; _builder_version=&#8221;4.25.1&#8243; _module_preset=&#8221;default&#8221; custom_css_main_element=&#8221;width: 70% !important;&#8221; global_colors_info=&#8221;{}&#8221; custom_css_main_element_last_edited=&#8221;on|desktop&#8221; custom_css_main_element_tablet=&#8221;width: auto;&#8221; custom_css_main_element_phone=&#8221;width: auto;&#8221;][et_pb_text _builder_version=&#8221;4.27.4&#8243; _module_preset=&#8221;default&#8221; text_font=&#8221;Oswald|||on|||||&#8221; text_text_color=&#8221;#E09900&#8243; header_2_text_color=&#8221;#E09900&#8243; header_2_font_size=&#8221;20px&#8221; custom_margin=&#8221;20px||10px|0px|false|false&#8221; hover_enabled=&#8221;0&#8243; custom_css_main_element=&#8221;text-transform: none !important;&#8221; global_colors_info=&#8221;{}&#8221; sticky_enabled=&#8221;0&#8243;]<\/p>\n<h2>Presentation<\/h2>\n<p>[\/et_pb_text][et_pb_text _builder_version=&#8221;4.27.4&#8243; _module_preset=&#8221;default&#8221; custom_margin=&#8221;0px||||false|false&#8221; custom_padding=&#8221;0px||||false|false&#8221; hover_enabled=&#8221;0&#8243; global_colors_info=&#8221;{}&#8221; sticky_enabled=&#8221;0&#8243;]<\/p>\n<div class=\"et_pb_module et_pb_text et_pb_text_1  et_pb_text_align_left et_pb_bg_layout_light\">\n<div class=\"et_pb_text_inner\">\n<p>The renewal of the integration dynamics represents a goal established by the African Governments themselves, who have started by closing down the outdated Organization for African Union and replacing it by a rejuvenated institution: the African Union, which aims at promoting a new route, with clear goals and defined stages. Likewise, the European Union (EU) has started a new scheme of trade relations with Sub-Saharan Africa on the basis of the so-called EPAs (Economic Partnership Agreements), which have the final goal of contributing to the development of the African countries and of the integration processes taking place in Africa.<\/p>\n<p>On the other hand, the most recent international context and especially the high prices reached by food and raw materials, have exposed the precarious circumstances of many African countries and their exposure to the volatility of international markets. Given the current food crisis and its impact on the social and political stability of the different countries, agriculture, which was a \u201cforgotten\u201d economic sector over the last few years, has once again become a vitally important industry on a global scale.<\/p>\n<\/div>\n<\/div>\n<p>[\/et_pb_text][et_pb_divider color=&#8221;#eaeaea&#8221; _builder_version=&#8221;4.25.1&#8243; _module_preset=&#8221;default&#8221; global_colors_info=&#8221;{}&#8221;][\/et_pb_divider][et_pb_text _builder_version=&#8221;4.27.4&#8243; _module_preset=&#8221;default&#8221; text_font=&#8221;Oswald|||on|||||&#8221; text_text_color=&#8221;#E09900&#8243; header_2_text_color=&#8221;#E09900&#8243; header_2_font_size=&#8221;20px&#8221; custom_margin=&#8221;20px||10px|0px|false|false&#8221; hover_enabled=&#8221;0&#8243; custom_css_main_element=&#8221;text-transform: none !important;&#8221; global_colors_info=&#8221;{}&#8221; sticky_enabled=&#8221;0&#8243;]<\/p>\n<h2>Publications<\/h2>\n<p>[\/et_pb_text][et_pb_text _builder_version=&#8221;4.27.0&#8243; _module_preset=&#8221;default&#8221; text_text_color=&#8221;#333333&#8243; text_line_height=&#8221;1.5em&#8221; link_text_color=&#8221;#333333&#8243; link_line_height=&#8221;7px&#8221; custom_margin=&#8221;||50px||false|false&#8221; global_colors_info=&#8221;{}&#8221;]<\/p>\n<ul>\n<li><a href=\"https:\/\/grupodeestudiosafricanos.org\/publicaciones\/a-vueltas-con-la-integracion-africana-el-area-de-libre-comercio-continental-africana-como-ultima-panacea\"><em>A vueltas con la integraci\u00f3n africana: el \u00c1rea de Libre Comercio Continental Africana como \u00faltima panacea<\/em>, GETEM-UAM, 2020<\/a>.<\/li>\n<li><a href=\"https:\/\/grupodeestudiosafricanos.org\/publicaciones\/integracion-regional-cedeao-cooperacion-informe-final\"><em>Los procesos de integraci\u00f3n regional de la CEDEAO y la cooperaci\u00f3n internacional. Informe Final<\/em>, Agencia Espa\u00f1ola de Cooperaci\u00f3n Internacional para el Desarrollo, 2014<\/a>. <i class=\"fa fa-file-pdf-o fa-fw\"><\/i> <a href=\"https:\/\/grupodeestudiosafricanos.org\/cms\/wp-content\/uploads\/2014\/11\/Procesos_integracion_regional_CEDEAO_Informe_Final-2014.pdf\" target=\"_blank\" rel=\"noopener\"><strong>PDF<\/strong><\/a><\/li>\n<li><a href=\"https:\/\/grupodeestudiosafricanos.org\/publicaciones\/integration-regionale-cedeao-cooperation-version-abregee\"><em>Les processus d\u2019int\u00e9gration r\u00e9gionale de la CEDEAO et la coop\u00e9ration internationale. Version Abr\u00e9g\u00e9e<\/em>, Agencia Espa\u00f1ola de Cooperaci\u00f3n Internacional para el Desarrollo, 2014<\/a>. <i class=\"fa fa-file-pdf-o fa-fw\"><\/i> <a href=\"https:\/\/grupodeestudiosafricanos.org\/cms\/wp-content\/uploads\/2014\/11\/Processus_Integration_Regionale_CEDEAO_Rapport_Final_2014.pdf\" target=\"_blank\" rel=\"noopener\"><strong>PDF<\/strong><\/a><\/li>\n<li><a href=\"https:\/\/grupodeestudiosafricanos.org\/publicaciones\/integracion-regional-africa\"><em>Integraci\u00f3n regional en \u00c1frica y relaciones con la Uni\u00f3n Europea<\/em>, Los Libros de la Catarata, 2013<\/a>.<\/li>\n<li><a href=\"https:\/\/grupodeestudiosafricanos.org\/publicaciones\/integracion-regional-desarrollo-africa\"><em>La integraci\u00f3n regional y el desarrollo en \u00c1frica<\/em>, Los Libros de la Catarata, 2010<\/a>.<\/li>\n<li><a href=\"https:\/\/grupodeestudiosafricanos.org\/publicaciones\/actores-regionales-subregionales-africa-subsahariana\"><em>Actores regionales y subregionales en \u00c1frica subsahariana<\/em>, Fundaci\u00f3n Carolina, 2007<\/a>. <i class=\"fa fa-file-pdf-o fa-fw\"><\/i> <a href=\"https:\/\/grupodeestudiosafricanos.org\/cms\/wp-content\/uploads\/2015\/02\/BENAVIDES-2007-Actores-regionales-y-subregionales-en-\u00c1frica.pdf\" target=\"_blank\" rel=\"noopener\"><strong>PDF<\/strong><\/a><\/li>\n<li><a href=\"https:\/\/grupodeestudiosafricanos.org\/publicaciones\/integracion-regional-africana\"><em>Integraci\u00f3n Regional Africana y Nuevas Relaciones con la UE como Instrumentos de Desarrollo<\/em>, Los Libros de la Catarata, 2006<\/a>.<\/li>\n<\/ul>\n<p>[\/et_pb_text][\/et_pb_column][et_pb_column type=&#8221;1_2&#8243; _builder_version=&#8221;4.25.1&#8243; _module_preset=&#8221;default&#8221; custom_css_main_element=&#8221;width: 20% !important;&#8221; global_colors_info=&#8221;{}&#8221; custom_css_main_element_last_edited=&#8221;on|desktop&#8221; custom_css_main_element_tablet=&#8221;width: auto;&#8221; custom_css_main_element_phone=&#8221;width: auto;&#8221;][et_pb_text _builder_version=&#8221;4.27.4&#8243; _module_preset=&#8221;default&#8221; text_font=&#8221;Oswald|||on|||||&#8221; text_text_color=&#8221;#E09900&#8243; header_2_text_color=&#8221;#E09900&#8243; header_2_font_size=&#8221;20px&#8221; custom_margin=&#8221;20px||10px|0px|false|false&#8221; hover_enabled=&#8221;0&#8243; custom_css_main_element=&#8221;text-transform: none !important;&#8221; global_colors_info=&#8221;{}&#8221; sticky_enabled=&#8221;0&#8243;]<\/p>\n<h2>Coordination<\/h2>\n<p>[\/et_pb_text][et_pb_text _builder_version=&#8221;4.27.0&#8243; _module_preset=&#8221;default&#8221; text_text_color=&#8221;#333333&#8243; text_line_height=&#8221;1.5em&#8221; link_text_color=&#8221;#333333&#8243; link_line_height=&#8221;7px&#8221; custom_margin=&#8221;||50px||false|false&#8221; global_colors_info=&#8221;{}&#8221;]<\/p>\n<p><a href=\"https:\/\/grupodeestudiosafricanos.org\/integrantes\/marin-egoscozabal-ainhoa\">Ainhoa Mar\u00edn Egoscoz\u00e1bal<\/a><\/p>\n<p>[\/et_pb_text][et_pb_text _builder_version=&#8221;4.27.0&#8243; _module_preset=&#8221;default&#8221; global_colors_info=&#8221;{}&#8221;][\/et_pb_text][et_pb_text _builder_version=&#8221;4.27.4&#8243; _module_preset=&#8221;default&#8221; text_font=&#8221;Oswald|||on|||||&#8221; text_text_color=&#8221;#E09900&#8243; header_2_text_color=&#8221;#E09900&#8243; header_2_font_size=&#8221;20px&#8221; custom_margin=&#8221;20px||10px|0px|false|false&#8221; hover_enabled=&#8221;0&#8243; custom_css_main_element=&#8221;text-transform: none !important;&#8221; global_colors_info=&#8221;{}&#8221; sticky_enabled=&#8221;0&#8243;]<\/p>\n<h2>Members<\/h2>\n<p>[\/et_pb_text][et_pb_text _builder_version=&#8221;4.27.0&#8243; _module_preset=&#8221;default&#8221; text_text_color=&#8221;#333333&#8243; text_line_height=&#8221;1.5em&#8221; link_text_color=&#8221;#333333&#8243; link_line_height=&#8221;7px&#8221; custom_margin=&#8221;||50px||false|false&#8221; global_colors_info=&#8221;{}&#8221;]<\/p>\n<p><a href=\"https:\/\/grupodeestudiosafricanos.org\/integrantes\/alberdi-bidaguren-jokin\">Jokin Alberdi Bidaguren<\/a><\/p>\n<p><a href=\"https:\/\/grupodeestudiosafricanos.org\/integrantes\/benavides-vega-lourdes\">Lourdes Benavides de la Vega<\/a><\/p>\n<p><a href=\"https:\/\/grupodeestudiosafricanos.org\/integrantes\/bidaurratzaga-aurre-eduardo\">Eduardo Bidaurratzaga Aurre<\/a><\/p>\n<p><a href=\"https:\/\/grupodeestudiosafricanos.org\/integrantes\/duperier-mingo-nuria\">Nuria Duperier de Mingo<\/a><\/p>\n<p><a href=\"https:\/\/grupodeestudiosafricanos.org\/integrantes\/garrido-patricia\">Patricia Garrido<\/a><\/p>\n<p><a href=\"https:\/\/grupodeestudiosafricanos.org\/integrantes\/kabunda-mbuyi\">Mbuyi Kabunda Badi<\/a><\/p>\n<p>[\/et_pb_text][et_pb_text disabled_on=&#8221;on|on|on&#8221; _builder_version=&#8221;4.27.0&#8243; _module_preset=&#8221;default&#8221; text_font=&#8221;Oswald|||on|||||&#8221; text_text_color=&#8221;#E09900&#8243; header_2_text_color=&#8221;#E09900&#8243; header_2_font_size=&#8221;20px&#8221; custom_margin=&#8221;20px||10px|0px|false|false&#8221; custom_css_main_element=&#8221;text-transform: none !important;&#8221; disabled=&#8221;on&#8221; global_colors_info=&#8221;{}&#8221;]<\/p>\n<h2>Colaboradores<\/h2>\n<p>[\/et_pb_text][et_pb_text disabled_on=&#8221;on|on|on&#8221; _builder_version=&#8221;4.27.0&#8243; _module_preset=&#8221;default&#8221; text_text_color=&#8221;#333333&#8243; text_line_height=&#8221;1.5em&#8221; link_text_color=&#8221;#333333&#8243; link_line_height=&#8221;7px&#8221; custom_margin=&#8221;||50px||false|false&#8221; disabled=&#8221;on&#8221; global_colors_info=&#8221;{}&#8221;]<\/p>\n<p>Caballero, Sergio (UAM y Antonio de Nebrija)<\/p>\n<p>Garc\u00eda de la Cruz, Manuel<\/p>\n<p>Montoya, Ainhoa (Universidad de Londres)<\/p>\n<p>Rodr\u00edguez, Margarita (Univ. Nova Lisboa)<\/p>\n<p>Santana, Germ\u00e1n (ULPGC)<\/p>\n<p>S\u00e1nchez, \u00c1ngeles<\/p>\n<p>[\/et_pb_text][\/et_pb_column][\/et_pb_row][\/et_pb_section]<\/p>\n","protected":false},"excerpt":{"rendered":"<p><span><span><a href=\"https:\/\/grupodeestudiosafricanos.org\/en\/inicio\">Inicio<\/a><\/span><\/span>Presentation The renewal of the integration dynamics represents a goal established by the African Governments themselves, who have started by closing down the outdated Organization for African Union and replacing it by a rejuvenated institution: the African Union, which aims at promoting a new route, with clear goals and defined stages. Likewise, the European Union [&hellip;]<\/p>\n","protected":false},"author":1,"featured_media":8521,"parent":11061,"menu_order":0,"comment_status":"closed","ping_status":"closed","template":"","meta":{"_acf_changed":false,"_et_pb_use_builder":"on","_et_pb_old_content":"<h3>Presentaci\u00f3n<\/h3>\r\nLa renovaci\u00f3n de las din\u00e1micas de integraci\u00f3n representan un objetivo reconocido por los propios gobiernos africanos, que han comenzado por cerrar la vieja Organizaci\u00f3n de la Unidad africana para sustituirla por una instituci\u00f3n rejuvenecida: la Uni\u00f3n Africana, que pretende impulsar un nuevo recorrido con objetivos claros y etapas marcadas. En paralelo, la Uni\u00f3n Europea (UE) ha puesto en marcha un novedoso esquema de relaciones comerciales con \u00c1frica Subsahariana, sobre la base de los denominados EPA (Economic Partnership Agreements), que tienen el objetivo \u00faltimo de contribuir al desarrollo de los pa\u00edses africanos, y de los propios procesos de integraci\u00f3n africanos.\r\n\r\nPor otro lado, la coyuntura internacional m\u00e1s reciente, y en particular los elevados precios de las materias primas y los alimentos, han mostrado la precariedad de muchos pa\u00edses africanos y su exposici\u00f3n a la volatilidad de los mercados internacionales. Debido a la crisis alimentaria y a su impacto sobre la estabilidad pol\u00edtica y social de los pa\u00edses, la agricultura, sector \"olvidado\" en los \u00faltimos a\u00f1os, vuelve a ser un sector de vital importancia a escala mundial.","_et_gb_content_width":"","footnotes":""},"class_list":["post-11878","page","type-page","status-publish","has-post-thumbnail","hentry"],"acf":[],"_links":{"self":[{"href":"https:\/\/grupodeestudiosafricanos.org\/en\/wp-json\/wp\/v2\/pages\/11878","targetHints":{"allow":["GET"]}}],"collection":[{"href":"https:\/\/grupodeestudiosafricanos.org\/en\/wp-json\/wp\/v2\/pages"}],"about":[{"href":"https:\/\/grupodeestudiosafricanos.org\/en\/wp-json\/wp\/v2\/types\/page"}],"author":[{"embeddable":true,"href":"https:\/\/grupodeestudiosafricanos.org\/en\/wp-json\/wp\/v2\/users\/1"}],"replies":[{"embeddable":true,"href":"https:\/\/grupodeestudiosafricanos.org\/en\/wp-json\/wp\/v2\/comments?post=11878"}],"version-history":[{"count":3,"href":"https:\/\/grupodeestudiosafricanos.org\/en\/wp-json\/wp\/v2\/pages\/11878\/revisions"}],"predecessor-version":[{"id":11894,"href":"https:\/\/grupodeestudiosafricanos.org\/en\/wp-json\/wp\/v2\/pages\/11878\/revisions\/11894"}],"up":[{"embeddable":true,"href":"https:\/\/grupodeestudiosafricanos.org\/en\/wp-json\/wp\/v2\/pages\/11061"}],"wp:featuredmedia":[{"embeddable":true,"href":"https:\/\/grupodeestudiosafricanos.org\/en\/wp-json\/wp\/v2\/media\/8521"}],"wp:attachment":[{"href":"https:\/\/grupodeestudiosafricanos.org\/en\/wp-json\/wp\/v2\/media?parent=11878"}],"curies":[{"name":"wp","href":"https:\/\/api.w.org\/{rel}","templated":true}]}}