{"id":11877,"date":"2014-08-20T17:16:26","date_gmt":"2014-08-20T17:16:26","guid":{"rendered":"https:\/\/grupodeestudiosafricanos.org\/investigacion\/cooperacion-internacional-al-desarrollo"},"modified":"2025-08-08T15:27:52","modified_gmt":"2025-08-08T15:27:52","slug":"international-development-aid","status":"publish","type":"page","link":"https:\/\/grupodeestudiosafricanos.org\/en\/investigacion\/international-development-aid","title":{"rendered":"International development aid"},"content":{"rendered":"<p>[et_pb_section fb_built=&#8221;1&#8243; _builder_version=&#8221;4.27.0&#8243; _module_preset=&#8221;default&#8221; global_colors_info=&#8221;{}&#8221;][et_pb_row use_custom_gutter=&#8221;on&#8221; gutter_width=&#8221;1&#8243; _builder_version=&#8221;4.27.4&#8243; _module_preset=&#8221;default&#8221; custom_margin=&#8221;0px||||false|false&#8221; custom_padding=&#8221;0px||||false|false&#8221; global_colors_info=&#8221;{}&#8221;][et_pb_column type=&#8221;4_4&#8243; _builder_version=&#8221;4.27.4&#8243; _module_preset=&#8221;default&#8221; global_colors_info=&#8221;{}&#8221;][et_pb_post_title meta=&#8221;off&#8221; featured_image=&#8221;off&#8221; _builder_version=&#8221;4.27.4&#8243; _module_preset=&#8221;default&#8221; title_font=&#8221;Oswald||||||||&#8221; title_text_color=&#8221;#444444&#8243; title_font_size=&#8221;42px&#8221; width=&#8221;75%&#8221; custom_margin=&#8221;||25px||false|false&#8221; custom_padding=&#8221;0px||0px||false|false&#8221; custom_css_post_image=&#8221;margin-top: 10px&#8221; global_colors_info=&#8221;{}&#8221;][\/et_pb_post_title][et_pb_code _builder_version=&#8221;4.27.4&#8243; _module_preset=&#8221;default&#8221; custom_margin=&#8221;||25px||false|false&#8221; global_colors_info=&#8221;{}&#8221;]<span><span><a href=\"https:\/\/grupodeestudiosafricanos.org\/en\/inicio\">Inicio<\/a><\/span><\/span>[\/et_pb_code][et_pb_post_title title=&#8221;off&#8221; meta=&#8221;off&#8221; module_class=&#8221;pa-image-16-9&#8243; _builder_version=&#8221;4.27.4&#8243; _module_preset=&#8221;default&#8221; title_font=&#8221;Oswald||||||||&#8221; title_text_color=&#8221;#444444&#8243; title_font_size=&#8221;42px&#8221; width=&#8221;100%&#8221; height=&#8221;423px&#8221; custom_margin=&#8221;||0px||false|false&#8221; custom_padding=&#8221;0px||0px||false|false&#8221; custom_css_post_image=&#8221;margin-top: 10px&#8221; global_colors_info=&#8221;{}&#8221;][\/et_pb_post_title][\/et_pb_column][\/et_pb_row][et_pb_row column_structure=&#8221;1_2,1_2&#8243; _builder_version=&#8221;4.25.1&#8243; _module_preset=&#8221;default&#8221; collapsed=&#8221;off&#8221; global_colors_info=&#8221;{}&#8221;][et_pb_column type=&#8221;1_2&#8243; _builder_version=&#8221;4.25.1&#8243; _module_preset=&#8221;default&#8221; custom_css_main_element=&#8221;width: 70% !important;&#8221; global_colors_info=&#8221;{}&#8221; custom_css_main_element_last_edited=&#8221;on|desktop&#8221; custom_css_main_element_tablet=&#8221;width: auto;&#8221; custom_css_main_element_phone=&#8221;width: auto;&#8221;][et_pb_text _builder_version=&#8221;4.27.4&#8243; _module_preset=&#8221;default&#8221; text_font=&#8221;Oswald|||on|||||&#8221; text_text_color=&#8221;#E09900&#8243; header_2_text_color=&#8221;#E09900&#8243; header_2_font_size=&#8221;20px&#8221; custom_margin=&#8221;20px||10px|0px|false|false&#8221; hover_enabled=&#8221;0&#8243; custom_css_main_element=&#8221;text-transform: none !important;&#8221; global_colors_info=&#8221;{}&#8221; sticky_enabled=&#8221;0&#8243;]<\/p>\n<h2>Presentation<\/h2>\n<p>[\/et_pb_text][et_pb_text _builder_version=&#8221;4.27.4&#8243; _module_preset=&#8221;default&#8221; custom_margin=&#8221;0px||||false|false&#8221; custom_padding=&#8221;0px||||false|false&#8221; hover_enabled=&#8221;0&#8243; global_colors_info=&#8221;{}&#8221; sticky_enabled=&#8221;0&#8243;]<\/p>\n<p>The international development agenda was characterized at the end of the 20<sup>th<\/sup> century by the concept of governance (transition processes and consolidation of democracy and human rights) and a growing interest on aid effectiveness. The 21<sup>st<\/sup> century started with the commitment of the international community with the Millennium Development Goals, which are under discussion in 2015. A new set of Sustainable Development Goals will be approved at a UN Conference in September 2015 in New York.<\/p>\n<p>In this context, this area of research focused on the need to reflect around the development strategies linked to governance: budget support, sector approaches, PRSP strategies, social participation, and coherence of Spanish cooperation policies in Africa, among others. Similarly, an analysis was made on the potential to incorporate a right-based approach on the Spanish Cooperation in Africa, taking into consideration that this approach will imply a change in the current tools. At the same time, the area of research has also focused on the impact of the current financial crisis in the development policies, which suffered a dramatic reduction in the last years.<\/p>\n<p>The research has been articulated around two main areas of research: the analysis of the global cooperation on health, and the Spanish cooperation in Africa.<\/p>\n<p>[\/et_pb_text][et_pb_toggle title=&#8221;International health cooperation&#8221; open_toggle_background_color=&#8221;#FFFFFF&#8221; closed_toggle_text_color=&#8221;#E09900&#8243; closed_toggle_background_color=&#8221;#FFFFFF&#8221; icon_color=&#8221;#E09900&#8243; open_icon_color=&#8221;#E09900&#8243; _builder_version=&#8221;4.27.4&#8243; _module_preset=&#8221;default&#8221; title_text_color=&#8221;#E09900&#8243; title_font=&#8221;|700|||||||&#8221; closed_title_font=&#8221;|700|||||||&#8221; body_link_text_color=&#8221;#E09900&#8243; custom_margin=&#8221;|||0px|false|false&#8221; custom_padding=&#8221;|||0px|false|false&#8221; hover_enabled=&#8221;0&#8243; custom_css_main_element=&#8221;border-bottom: 1px solid #eaeaea !important;&#8221; border_width_all=&#8221;0px&#8221; global_colors_info=&#8221;{}&#8221; sticky_enabled=&#8221;0&#8243;]<\/p>\n<p>Given the importance accorded by the international community to the health sector to devote, for example, three of the eight Millennium Development Goals to that sector (having the other goals a clear impact on health too), this research line has discussed and analyzed development cooperation in health from an international perspective. We have focused particularly on the emergence of the concept of \u201cglobal health\u201d and the multiple international initiatives that have emerged around it, as well as the debates on issues such as universal health care, social determinants of health, or the role of ideas, discourses and practices in Africa about health, illness and health care.<\/p>\n<p>[\/et_pb_toggle][et_pb_toggle title=&#8221;The Spanish aid policy in Sub-Saharan Africa&#8221; open_toggle_background_color=&#8221;#FFFFFF&#8221; closed_toggle_text_color=&#8221;#E09900&#8243; closed_toggle_background_color=&#8221;#FFFFFF&#8221; icon_color=&#8221;#E09900&#8243; open_icon_color=&#8221;#E09900&#8243; _builder_version=&#8221;4.27.4&#8243; _module_preset=&#8221;default&#8221; title_text_color=&#8221;#E09900&#8243; title_font=&#8221;|700|||||||&#8221; closed_title_font=&#8221;|700|||||||&#8221; body_link_text_color=&#8221;#E09900&#8243; custom_margin=&#8221;|||0px|false|false&#8221; custom_padding=&#8221;|||0px|false|false&#8221; hover_enabled=&#8221;0&#8243; custom_css_main_element=&#8221;border-bottom: 1px solid #eaeaea !important;&#8221; border_width_all=&#8221;0px&#8221; global_colors_info=&#8221;{}&#8221; sticky_enabled=&#8221;0&#8243;]<\/p>\n<p>Between 2004 and 2010 the Spanish aid towards Sub-Saharan Africa experienced a strong growth, which was interrupted by the outbreak of the international economic and financial crisis. This turnaround has led to a complete revision of the Spanish aid strategy in the continent, which resulted in a redefinition of partners and priority countries, as well as sectors of activity and aid modalities.<\/p>\n<p>Throughout the last decade and within the research line in development aid, the GEA has been examining these trends and analyzing the complex debates in which they are inserted, focusing from the alignment of the Spanish strategy with the international co-operation agenda, to the specifics of the Spanish case.<\/p>\n<p>[\/et_pb_toggle][et_pb_divider color=&#8221;#eaeaea&#8221; _builder_version=&#8221;4.25.1&#8243; _module_preset=&#8221;default&#8221; global_colors_info=&#8221;{}&#8221;][\/et_pb_divider][et_pb_text _builder_version=&#8221;4.27.4&#8243; _module_preset=&#8221;default&#8221; text_font=&#8221;Oswald|||on|||||&#8221; text_text_color=&#8221;#E09900&#8243; header_2_text_color=&#8221;#E09900&#8243; header_2_font_size=&#8221;20px&#8221; custom_margin=&#8221;20px||10px|0px|false|false&#8221; hover_enabled=&#8221;0&#8243; custom_css_main_element=&#8221;text-transform: none !important;&#8221; global_colors_info=&#8221;{}&#8221; sticky_enabled=&#8221;0&#8243;]<\/p>\n<h2>Publications<\/h2>\n<p>[\/et_pb_text][et_pb_text _builder_version=&#8221;4.27.0&#8243; _module_preset=&#8221;default&#8221; text_text_color=&#8221;#333333&#8243; text_line_height=&#8221;1.5em&#8221; link_text_color=&#8221;#333333&#8243; link_line_height=&#8221;7px&#8221; custom_margin=&#8221;||50px||false|false&#8221; global_colors_info=&#8221;{}&#8221;]<\/p>\n<ul>\n<li><a href=\"https:\/\/grupodeestudiosafricanos.org\/publicaciones\/avenir-rca\"><em>L\u2019avenir que nous voulons pour la RCA<\/em>, UNICEF, 2013<\/a>. <a href=\"https:\/\/grupodeestudiosafricanos.org\/cms\/wp-content\/uploads\/2015\/12\/MENDIGUREN-2013-Avenir-pour-la-RCA-Bilan-ODM-UNICEF.pdf\"><strong>PDF<\/strong><\/a><\/li>\n<li><a href=\"https:\/\/grupodeestudiosafricanos.org\/publicaciones\/hiv-aids-policies-mozambique\"><em>HIV\/AIDS policies in Mozambique and the new aid architecture: successes, shortcomings and the way forward<\/em>, The Journal of Modern African Studies, 2012<\/a>.<\/li>\n<li><a href=\"https:\/\/grupodeestudiosafricanos.org\/publicaciones\/logros-limitaciones-retos-educacion\"><em>Logros, limitaciones y retos del desarrollo humano en el \u00e1mbito de la educaci\u00f3n en \u00c1frica Subsahariana<\/em>, Foro de Educaci\u00f3n, 2012<\/a>. <a href=\"https:\/\/grupodeestudiosafricanos.org\/cms\/wp-content\/uploads\/2014\/12\/BIDAURRATZAGA-2012-Logros-limitaciones-retos-desarrollo-humano-educaci\u00f3n-Africa.pdf\"><strong>PDF<\/strong><\/a><\/li>\n<li><a href=\"https:\/\/grupodeestudiosafricanos.org\/publicaciones\/impacto-financiacion-externa-paises-africanos\"><em>El impacto de la financiaci\u00f3n externa en la vulnerabilidad de los pa\u00edses africanos<\/em>, Revista Espa\u00f1ola de Desarrollo y Cooperaci\u00f3n, 2012<\/a>.<\/li>\n<li><a href=\"https:\/\/grupodeestudiosafricanos.org\/publicaciones\/financiacion-educacion-africa\"><em>La financiaci\u00f3n de la educaci\u00f3n en \u00c1frica Subsahariana hoy<\/em>, Foro de Educaci\u00f3n, 2012<\/a>. <a href=\"https:\/\/grupodeestudiosafricanos.org\/cms\/wp-content\/uploads\/2014\/12\/BEGUE-2012-Financiacion-Educacion-Africa.pdf\"><strong>PDF<\/strong><\/a><\/li>\n<li><a href=\"https:\/\/grupodeestudiosafricanos.org\/publicaciones\/africa-cooperacion-sur-sur\"><em>\u00c1frica: cooperaci\u00f3n con el Sur y desde el Sur<\/em>, Los Libros de la Catarata, 2011<\/a>.<\/li>\n<li><a href=\"https:\/\/grupodeestudiosafricanos.org\/publicaciones\/coherencia-politicas-espanolas-africa-salud\"><em>Coherencia de Pol\u00edticas al Desarrollo de Salud de la AECID en \u00c1frica<\/em>, Grupo de Estudios Africanos, 2011<\/a>. <a href=\"https:\/\/grupodeestudiosafricanos.org\/cms\/wp-content\/uploads\/2014\/11\/INFORME_SALUD_FULL_OK.pdf\"><strong>PDF<\/strong><\/a><\/li>\n<li><a href=\"https:\/\/grupodeestudiosafricanos.org\/publicaciones\/reflexiones-cooperacion-espanola-africa\"><em>\u00c1frica Cuenta. Reflexiones sobre la cooperaci\u00f3n espa\u00f1ola en \u00c1frica<\/em>, Habit\u00e1frica, 2011<\/a>. <a href=\"https:\/\/grupodeestudiosafricanos.org\/cms\/wp-content\/uploads\/2014\/11\/2009-\u00c1frica-Cuenta.pdf\"><strong>PDF<\/strong><\/a><\/li>\n<li><a href=\"https:\/\/grupodeestudiosafricanos.org\/publicaciones\/progresos-desafios-salud-africa\"><em>Progresos y desaf\u00edos para la salud en \u00c1frica Subsahariana<\/em>, Revista de Econom\u00eda Mundial, 2011<\/a>. <a href=\"https:\/\/grupodeestudiosafricanos.org\/cms\/wp-content\/uploads\/2014\/12\/BIDAURRATZAGA-2011-Progresos-Desafios-Salud-Africa.pdf\"><strong>PDF<\/strong><\/a><\/li>\n<li><a href=\"https:\/\/grupodeestudiosafricanos.org\/publicaciones\/salud-enfermedad-africa\"><em>Salud, enfermedad y sistemas sanitarios y de protecci\u00f3n social en \u00c1frica<\/em>, Fundaci\u00f3n Ideas, 2011<\/a>. <a href=\"https:\/\/grupodeestudiosafricanos.org\/cms\/wp-content\/uploads\/2015\/06\/MENDIGUREN-2011-salud-humana-\u00c1frica.pdf\"><strong>PDF<\/strong><\/a><\/li>\n<li><a href=\"https:\/\/grupodeestudiosafricanos.org\/publicaciones\/ongd-espanolas-africa\"><em>Las ONGD espa\u00f1olas en \u00c1frica<\/em>, CONGDE, 2009<\/a>. <a href=\"https:\/\/grupodeestudiosafricanos.org\/cms\/wp-content\/uploads\/2014\/12\/BENAVIDES-y-MORO-COCO-2009-Las-ONGD-espa\u00f1olas-en-Africa.pdf\"><strong>PDF<\/strong><\/a><\/li>\n<li><a href=\"https:\/\/grupodeestudiosafricanos.org\/publicaciones\/ayuda-mercado-buen-gobierno\"><em>Ayuda, mercado y buen gobierno<\/em>, Icaria, 2005<\/a>.<\/li>\n<\/ul>\n<p>[\/et_pb_text][\/et_pb_column][et_pb_column type=&#8221;1_2&#8243; _builder_version=&#8221;4.25.1&#8243; _module_preset=&#8221;default&#8221; custom_css_main_element=&#8221;width: 20% !important;&#8221; global_colors_info=&#8221;{}&#8221; custom_css_main_element_last_edited=&#8221;on|desktop&#8221; custom_css_main_element_tablet=&#8221;width: auto;&#8221; custom_css_main_element_phone=&#8221;width: auto;&#8221;][et_pb_text disabled_on=&#8221;on|on|on&#8221; _builder_version=&#8221;4.27.0&#8243; _module_preset=&#8221;default&#8221; text_font=&#8221;Oswald|||on|||||&#8221; text_text_color=&#8221;#E09900&#8243; header_2_text_color=&#8221;#E09900&#8243; header_2_font_size=&#8221;20px&#8221; custom_margin=&#8221;20px||10px|0px|false|false&#8221; custom_css_main_element=&#8221;text-transform: none !important;&#8221; disabled=&#8221;on&#8221; global_colors_info=&#8221;{}&#8221;]<\/p>\n<h2>Coordinaci\u00f3n<\/h2>\n<p>[\/et_pb_text][et_pb_text disabled_on=&#8221;on|on|on&#8221; _builder_version=&#8221;4.27.0&#8243; _module_preset=&#8221;default&#8221; text_text_color=&#8221;#333333&#8243; text_line_height=&#8221;1.5em&#8221; link_text_color=&#8221;#333333&#8243; link_line_height=&#8221;7px&#8221; custom_margin=&#8221;||50px||false|false&#8221; disabled=&#8221;on&#8221; global_colors_info=&#8221;{}&#8221;]<\/p>\n<p><a href=\"https:\/\/grupodeestudiosafricanos.org\/en\/integrantes\/bello-iraxis\">Iraxis Bello Alzuate<\/a><\/p>\n<p><a href=\"https:\/\/grupodeestudiosafricanos.org\/integrantes\/garcia-luengos-jesus\">Jes\u00fas Garc\u00eda-Luengos<\/a><\/p>\n<p>[\/et_pb_text][et_pb_text _builder_version=&#8221;4.27.0&#8243; _module_preset=&#8221;default&#8221; global_colors_info=&#8221;{}&#8221;][\/et_pb_text][et_pb_text _builder_version=&#8221;4.27.4&#8243; _module_preset=&#8221;default&#8221; text_font=&#8221;Oswald|||on|||||&#8221; text_text_color=&#8221;#E09900&#8243; header_2_text_color=&#8221;#E09900&#8243; header_2_font_size=&#8221;20px&#8221; custom_margin=&#8221;20px||10px|0px|false|false&#8221; hover_enabled=&#8221;0&#8243; custom_css_main_element=&#8221;text-transform: none !important;&#8221; global_colors_info=&#8221;{}&#8221; sticky_enabled=&#8221;0&#8243;]<\/p>\n<h2>Members<\/h2>\n<p>[\/et_pb_text][et_pb_text _builder_version=&#8221;4.27.4&#8243; _module_preset=&#8221;default&#8221; text_text_color=&#8221;#333333&#8243; text_line_height=&#8221;1.5em&#8221; link_text_color=&#8221;#333333&#8243; link_line_height=&#8221;7px&#8221; custom_margin=&#8221;||50px||false|false&#8221; hover_enabled=&#8221;0&#8243; global_colors_info=&#8221;{}&#8221; sticky_enabled=&#8221;0&#8243;]<\/p>\n<p><a href=\"https:\/\/grupodeestudiosafricanos.org\/integrantes\/aime-gonzalez-elsa\">Elsa Aim\u00e9 Gonz\u00e1lez<\/a><\/p>\n<p><a href=\"https:\/\/grupodeestudiosafricanos.org\/integrantes\/alberdi-bidaguren-jokin\">Jokin Alberdi Bidaguren<\/a><\/p>\n<p><a href=\"https:\/\/grupodeestudiosafricanos.org\/integrantes\/alcalde-ana\">Ana Alcalde<\/a><\/p>\n<p><a href=\"https:\/\/grupodeestudiosafricanos.org\/integrantes\/begue-aguado-alberto\">Alberto Begu\u00e9 Aguado<\/a><\/p>\n<p><a href=\"https:\/\/grupodeestudiosafricanos.org\/integrantes\/benavides-vega-lourdes\">Lourdes Benavides de la Vega<\/a><\/p>\n<p><a href=\"https:\/\/grupodeestudiosafricanos.org\/integrantes\/bidaurratzaga-aurre-eduardo\">Eduardo Bidaurratzaga Aurre<\/a><\/p>\n<p><a href=\"https:\/\/grupodeestudiosafricanos.org\/integrantes\/flor-jose-luis\">Jos\u00e9 Luis De la Flor<\/a><\/p>\n<p><a href=\"https:\/\/grupodeestudiosafricanos.org\/integrantes\/maria-angeles-alaminos-hervas\">Mar\u00eda Angeles Alaminos Hervas<\/a><\/p>\n<p><a href=\"https:\/\/grupodeestudiosafricanos.org\/integrantes\/mateos-martin-oscar\">Oscar Mateos Mart\u00edn<\/a><\/p>\n<p><a href=\"https:\/\/grupodeestudiosafricanos.org\/integrantes\/mendiguren-berta\">Berta Mendiguren<\/a><\/p>\n<p><a href=\"https:\/\/grupodeestudiosafricanos.org\/integrantes\/sendin-gutierrez-jose-carlos\">Jos\u00e9 Carlos Send\u00edn Guti\u00e9rrez<\/a><\/p>\n<p>[\/et_pb_text][et_pb_text disabled_on=&#8221;on|on|on&#8221; _builder_version=&#8221;4.27.0&#8243; _module_preset=&#8221;default&#8221; text_font=&#8221;Oswald|||on|||||&#8221; text_text_color=&#8221;#E09900&#8243; header_2_text_color=&#8221;#E09900&#8243; header_2_font_size=&#8221;20px&#8221; custom_margin=&#8221;20px||10px|0px|false|false&#8221; custom_css_main_element=&#8221;text-transform: none !important;&#8221; disabled=&#8221;on&#8221; global_colors_info=&#8221;{}&#8221;]<\/p>\n<h2>Colaboradores<\/h2>\n<p>[\/et_pb_text][et_pb_text disabled_on=&#8221;on|on|on&#8221; _builder_version=&#8221;4.27.0&#8243; _module_preset=&#8221;default&#8221; text_text_color=&#8221;#333333&#8243; text_line_height=&#8221;1.5em&#8221; link_text_color=&#8221;#333333&#8243; link_line_height=&#8221;7px&#8221; custom_margin=&#8221;||50px||false|false&#8221; disabled=&#8221;on&#8221; global_colors_info=&#8221;{}&#8221;]<\/p>\n<p>Caballero, Sergio (UAM y Antonio de Nebrija)<\/p>\n<p>Garc\u00eda de la Cruz, Manuel<\/p>\n<p>Montoya, Ainhoa (Universidad de Londres)<\/p>\n<p>Rodr\u00edguez, Margarita (Univ. Nova Lisboa)<\/p>\n<p>Santana, Germ\u00e1n (ULPGC)<\/p>\n<p>S\u00e1nchez, \u00c1ngeles<\/p>\n<p>[\/et_pb_text][\/et_pb_column][\/et_pb_row][\/et_pb_section]<\/p>\n","protected":false},"excerpt":{"rendered":"<p><span><span><a href=\"https:\/\/grupodeestudiosafricanos.org\/en\/inicio\">Inicio<\/a><\/span><\/span>PresentationThe international development agenda was characterized at the end of the 20th century by the concept of governance (transition processes and consolidation of democracy and human rights) and a growing interest on aid effectiveness. The 21st century started with the commitment of the international community with the Millennium Development Goals, which are under discussion in [&hellip;]<\/p>\n","protected":false},"author":1,"featured_media":8677,"parent":11061,"menu_order":0,"comment_status":"closed","ping_status":"closed","template":"","meta":{"_acf_changed":false,"_et_pb_use_builder":"on","_et_pb_old_content":"<h3 style=\"text-align: justify;\">Presentaci\u00f3n<\/h3>\r\n<p style=\"text-align: justify;\">Tras una agenda de cooperaci\u00f3n internacional marcada a finales del siglo XX por el concepto de gobernanza (procesos de transici\u00f3n y consolidaci\u00f3n de la democracia y los derechos humanos), as\u00ed como por la preocupaci\u00f3n creciente por la eficacia de la ayuda, el siglo XXI ha comenzado con el compromiso de la comunidad internacional con los Objetivos del Milenio, actualmente en debate con el horizonte post-2015.<\/p>\r\n<p style=\"text-align: justify;\">En este contexto, \u00e9sta l\u00ednea de investigaci\u00f3n ha venido investigando sobre la necesidad de reflexionar sobre las estrategias de desarrollo vinculadas a la citada gobernanza: apoyo presupuestario, enfoques sectoriales, las estrategias PRSP, participaci\u00f3n social, coherencia de pol\u00edticas de desarrollo espa\u00f1ola en \u00c1frica, entre otras. Asimismo se han venido analizando el potencial de la incorporaci\u00f3n del paradigma de derechos en la cooperaci\u00f3n espa\u00f1ola con \u00c1frica y los cambios necesarios en los actuales instrumentos de cooperaci\u00f3n. Todo ello sin olvidar el impacto de la actual crisis en las pol\u00edticas de cooperaci\u00f3n, siendo paradigm\u00e1tica la dr\u00e1stica reducci\u00f3n de la ayuda en el caso espa\u00f1ol.<\/p>\r\n<p style=\"text-align: justify;\">En este contexto, la l\u00ednea de ha articulado principalmente en torno a dos \u00e1mbitos de investigaci\u00f3n: el an\u00e1lisis de la cooperaci\u00f3n global en salud y la cooperaci\u00f3n espa\u00f1ola en el subcontinente.<\/p>","_et_gb_content_width":"","footnotes":""},"class_list":["post-11877","page","type-page","status-publish","has-post-thumbnail","hentry"],"acf":[],"_links":{"self":[{"href":"https:\/\/grupodeestudiosafricanos.org\/en\/wp-json\/wp\/v2\/pages\/11877","targetHints":{"allow":["GET"]}}],"collection":[{"href":"https:\/\/grupodeestudiosafricanos.org\/en\/wp-json\/wp\/v2\/pages"}],"about":[{"href":"https:\/\/grupodeestudiosafricanos.org\/en\/wp-json\/wp\/v2\/types\/page"}],"author":[{"embeddable":true,"href":"https:\/\/grupodeestudiosafricanos.org\/en\/wp-json\/wp\/v2\/users\/1"}],"replies":[{"embeddable":true,"href":"https:\/\/grupodeestudiosafricanos.org\/en\/wp-json\/wp\/v2\/comments?post=11877"}],"version-history":[{"count":3,"href":"https:\/\/grupodeestudiosafricanos.org\/en\/wp-json\/wp\/v2\/pages\/11877\/revisions"}],"predecessor-version":[{"id":11891,"href":"https:\/\/grupodeestudiosafricanos.org\/en\/wp-json\/wp\/v2\/pages\/11877\/revisions\/11891"}],"up":[{"embeddable":true,"href":"https:\/\/grupodeestudiosafricanos.org\/en\/wp-json\/wp\/v2\/pages\/11061"}],"wp:featuredmedia":[{"embeddable":true,"href":"https:\/\/grupodeestudiosafricanos.org\/en\/wp-json\/wp\/v2\/media\/8677"}],"wp:attachment":[{"href":"https:\/\/grupodeestudiosafricanos.org\/en\/wp-json\/wp\/v2\/media?parent=11877"}],"curies":[{"name":"wp","href":"https:\/\/api.w.org\/{rel}","templated":true}]}}