{"id":11061,"date":"2014-08-13T14:51:40","date_gmt":"2014-08-13T14:51:40","guid":{"rendered":"https:\/\/grupodeestudiosafricanos.org\/investigacion"},"modified":"2025-08-08T15:42:08","modified_gmt":"2025-08-08T15:42:08","slug":"investigacion","status":"publish","type":"page","link":"https:\/\/grupodeestudiosafricanos.org\/en\/investigacion","title":{"rendered":"Research"},"content":{"rendered":"<p>[et_pb_section fb_built=&#8221;1&#8243; _builder_version=&#8221;4.16&#8243; global_colors_info=&#8221;{}&#8221;][et_pb_row use_custom_gutter=&#8221;on&#8221; gutter_width=&#8221;1&#8243; _builder_version=&#8221;4.27.4&#8243; _module_preset=&#8221;default&#8221; custom_margin=&#8221;0px||||false|false&#8221; custom_padding=&#8221;0px||||false|false&#8221; global_colors_info=&#8221;{}&#8221;][et_pb_column type=&#8221;4_4&#8243; _builder_version=&#8221;4.27.4&#8243; _module_preset=&#8221;default&#8221; global_colors_info=&#8221;{}&#8221;][et_pb_post_title meta=&#8221;off&#8221; featured_image=&#8221;off&#8221; _builder_version=&#8221;4.27.4&#8243; _module_preset=&#8221;default&#8221; title_font=&#8221;Oswald||||||||&#8221; title_text_color=&#8221;#444444&#8243; title_font_size=&#8221;42px&#8221; width=&#8221;75%&#8221; custom_margin=&#8221;||25px||false|false&#8221; custom_padding=&#8221;0px||0px||false|false&#8221; custom_css_post_image=&#8221;margin-top: 10px&#8221; global_colors_info=&#8221;{}&#8221;][\/et_pb_post_title][et_pb_code _builder_version=&#8221;4.27.4&#8243; _module_preset=&#8221;default&#8221; custom_margin=&#8221;||25px||false|false&#8221; global_colors_info=&#8221;{}&#8221;]<span><span><a href=\"https:\/\/grupodeestudiosafricanos.org\/en\/inicio\">Inicio<\/a><\/span><\/span>[\/et_pb_code][et_pb_post_title title=&#8221;off&#8221; meta=&#8221;off&#8221; module_class=&#8221;pa-image-16-9&#8243; _builder_version=&#8221;4.27.4&#8243; _module_preset=&#8221;default&#8221; title_font=&#8221;Oswald||||||||&#8221; title_text_color=&#8221;#444444&#8243; title_font_size=&#8221;42px&#8221; width=&#8221;100%&#8221; height=&#8221;423px&#8221; custom_margin=&#8221;||0px||false|false&#8221; custom_padding=&#8221;0px||0px||false|false&#8221; custom_css_post_image=&#8221;margin-top: 10px&#8221; global_colors_info=&#8221;{}&#8221;][\/et_pb_post_title][et_pb_text _builder_version=&#8221;4.25.1&#8243; _module_preset=&#8221;default&#8221; text_font_size=&#8221;11px&#8221; text_orientation=&#8221;right&#8221; custom_margin=&#8221;0px||0px||false|false&#8221; custom_padding=&#8221;5px||30px||false|false&#8221; global_colors_info=&#8221;{}&#8221;]<\/p>\n<p><em>Investigaci\u00f3n<\/em><\/p>\n<section class=\"content\" style=\"outline: none !important; box-sizing: border-box; display: block; font-size: 14px; line-height: 26px; color: #333333; font-family: 'Helvetica Neue', Helvetica, Arial, sans-serif; font-style: normal; font-variant-ligatures: normal; font-variant-caps: normal; font-weight: 400; letter-spacing: normal; orphans: 2; text-align: start; text-indent: 0px; text-transform: none; widows: 2; word-spacing: 0px; -webkit-text-stroke-width: 0px; white-space: normal; background-color: #ffffff; text-decoration-thickness: initial; text-decoration-style: initial; text-decoration-color: initial;\"><\/section>\n<p>[\/et_pb_text][\/et_pb_column][\/et_pb_row][et_pb_row _builder_version=&#8221;4.27.4&#8243; background_size=&#8221;initial&#8221; background_position=&#8221;top_left&#8221; background_repeat=&#8221;repeat&#8221; custom_margin=&#8221;0px||||false|false&#8221; custom_padding=&#8221;0px||||false|false&#8221; global_colors_info=&#8221;{}&#8221;][et_pb_column type=&#8221;4_4&#8243; _builder_version=&#8221;4.16&#8243; custom_padding=&#8221;|||&#8221; global_colors_info=&#8221;{}&#8221; custom_padding__hover=&#8221;|||&#8221;][et_pb_text _builder_version=&#8221;4.27.4&#8243; _module_preset=&#8221;default&#8221; link_text_color=&#8221;#E09900&#8243; custom_margin=&#8221;0px||||false|false&#8221; custom_padding=&#8221;0px||||false|false&#8221; global_colors_info=&#8221;{}&#8221;]<\/p>\n<p>GEA\u2019s professors and researchers started working in common in 1998 on a research line focused on the postcolonial state and the Euro-African relations from a multidisciplinary point of view, combining different areas: international relations, political science, anthropology, sociology, economy, international law. A first product of this research effort was the book published in 2000,<span>\u00a0<\/span><em><a href=\"https:\/\/web.archive.org\/web\/20240124151947\/http:\/\/grupodeestudiosafricanos.org\/en\/publications\/africa-sistema-internacional-en\" target=\"_blank\" rel=\"noopener\">\u00c1frica en el sistema internacional. Cinco siglos de frontera<\/a><\/em>.<\/p>\n<p>Since then, several research lines have flourished, bringing in common the work of GEA\u2019s members and other researchers. They have received different funds, among others from the Spanish Ministry of Education for a research project during 2002-2005 on democratization processes in Africa (\u201cProcesos Democratizadores en \u00c1frica. Modelos institucionales, pr\u00e1cticas pol\u00edticas e idearios contempor\u00e1neos. La incidencia europea\u201d), directed by Ferr\u00e1n Iniesta Vernet, professor of the University of Barcelona. In 2007-2008, the Grupo de Estudios Africanos benefited from a research convention with the Ministry of Foreign Affairs and Cooperation that contributed to the consolidation of the research lines. After those projects, we have continued to consolidate our research with public and private funds.<\/p>\n<p>In 2008, GEA started being a member of<span>\u00a0<\/span><a href=\"https:\/\/web.archive.org\/web\/20240124151947\/http:\/\/www.aegis-eu.org\/\" target=\"_blank\" rel=\"noopener\">AEGIS<span>\u00a0<\/span><\/a>(Africa-Europe for Interdisciplinary Studies). We participate in the organization of the Iberian Congresses of African Studies and in the publication of the journal<span>\u00a0<\/span><a href=\"https:\/\/web.archive.org\/web\/20240124151947\/http:\/\/www.centredestudisafricans.org\/index.php?option=com_content&amp;view=article&amp;id=60&amp;Itemid=70\" target=\"_blank\" rel=\"noopener\"><em>Studia Africana<\/em><\/a>.<\/p>\n<p>[\/et_pb_text][\/et_pb_column][\/et_pb_row][et_pb_row _builder_version=&#8221;4.25.1&#8243; _module_preset=&#8221;default&#8221; global_colors_info=&#8221;{}&#8221;][et_pb_column type=&#8221;4_4&#8243; _builder_version=&#8221;4.25.1&#8243; _module_preset=&#8221;default&#8221; global_colors_info=&#8221;{}&#8221;][et_pb_toggle title=&#8221;Research lines&#8221; open_toggle_background_color=&#8221;#FFFFFF&#8221; closed_toggle_text_color=&#8221;#E09900&#8243; closed_toggle_background_color=&#8221;#FFFFFF&#8221; icon_color=&#8221;#E09900&#8243; open_icon_color=&#8221;#E09900&#8243; _builder_version=&#8221;4.27.4&#8243; _module_preset=&#8221;default&#8221; title_text_color=&#8221;#E09900&#8243; title_font=&#8221;|700|||||||&#8221; closed_title_font=&#8221;|700|||||||&#8221; body_link_text_color=&#8221;#E09900&#8243; custom_margin=&#8221;|||0px|false|false&#8221; custom_padding=&#8221;|||0px|false|false&#8221; custom_css_main_element=&#8221;border-bottom: 1px solid #eaeaea !important;&#8221; border_width_all=&#8221;0px&#8221; global_colors_info=&#8221;{}&#8221;]<\/p>\n<ul class=\"dropdown-menu\">\n<li><a title=\"Political economy of natural resources\" href=\"https:\/\/web.archive.org\/web\/20240124151947\/http:\/\/grupodeestudiosafricanos.org\/en\/research\/political-economy-of-natural-resources\">Political economy of natural resources<\/a><\/li>\n<li><a title=\"Conflicts and peacebuilding\" href=\"https:\/\/web.archive.org\/web\/20240124151947\/http:\/\/grupodeestudiosafricanos.org\/en\/research\/conflicts-peacebuilding\">Conflicts and peacebuilding<\/a><\/li>\n<li><a title=\"Sub-Saharan Migrations\" href=\"https:\/\/web.archive.org\/web\/20240124151947\/http:\/\/grupodeestudiosafricanos.org\/en\/research\/sub-saharan-migrations\">Sub-Saharan Migrations<\/a><\/li>\n<li><a title=\"International development aid\" href=\"https:\/\/web.archive.org\/web\/20240124151947\/http:\/\/grupodeestudiosafricanos.org\/en\/research\/international-development-aid\">International development aid<\/a><\/li>\n<li><a title=\"Regional integration and rural development\" href=\"https:\/\/web.archive.org\/web\/20240124151947\/http:\/\/grupodeestudiosafricanos.org\/en\/research\/regional-integration-rural-development\">Regional integration and rural development<\/a><\/li>\n<\/ul>\n<p>[\/et_pb_toggle][et_pb_toggle title=&#8221;Publications&#8221; open_toggle_background_color=&#8221;#FFFFFF&#8221; closed_toggle_text_color=&#8221;#E09900&#8243; closed_toggle_background_color=&#8221;#FFFFFF&#8221; icon_color=&#8221;#E09900&#8243; open_icon_color=&#8221;#E09900&#8243; _builder_version=&#8221;4.27.4&#8243; _module_preset=&#8221;default&#8221; title_text_color=&#8221;#E09900&#8243; title_font=&#8221;|700|||||||&#8221; closed_title_font=&#8221;|700|||||||&#8221; body_link_text_color=&#8221;#E09900&#8243; custom_margin=&#8221;|||0px|false|false&#8221; custom_padding=&#8221;|||0px|false|false&#8221; link_option_url=&#8221;https:\/\/grupodeestudiosafricanos.org\/en\/publications&#8221; custom_css_main_element=&#8221;border-bottom: 1px solid #eaeaea !important;&#8221; border_width_all=&#8221;0px&#8221; global_colors_info=&#8221;{}&#8221;][\/et_pb_toggle][et_pb_button button_url=&#8221;https:\/\/grupodeestudiosafricanos.org\/publicaciones&#8221; button_text=&#8221;Clics&#8221; button_alignment=&#8221;center&#8221; disabled_on=&#8221;on|on|on&#8221; _builder_version=&#8221;4.25.1&#8243; _module_preset=&#8221;default&#8221; custom_button=&#8221;on&#8221; button_border_width=&#8221;0px&#8221; button_icon=&#8221;&#x50;||divi||400&#8243; button_icon_color=&#8221;#E09900&#8243; button_on_hover=&#8221;off&#8221; disabled=&#8221;on&#8221; global_colors_info=&#8221;{}&#8221;][\/et_pb_button][\/et_pb_column][\/et_pb_row][\/et_pb_section]<\/p>\n","protected":false},"excerpt":{"rendered":"<p><span><span><a href=\"https:\/\/grupodeestudiosafricanos.org\/en\/inicio\">Inicio<\/a><\/span><\/span>Investigaci\u00f3n GEA\u2019s professors and researchers started working in common in 1998 on a research line focused on the postcolonial state and the Euro-African relations from a multidisciplinary point of view, combining different areas: international relations, political science, anthropology, sociology, economy, international law. A first product of this research effort was the book published in 2000,\u00a0\u00c1frica [&hellip;]<\/p>\n","protected":false},"author":1,"featured_media":8517,"parent":0,"menu_order":0,"comment_status":"closed","ping_status":"closed","template":"","meta":{"_acf_changed":false,"_et_pb_use_builder":"on","_et_pb_old_content":"Los profesores e investigadores que forman parte del Grupo de Estudios Africanos comenzaron a trabajar desde 1998, en una l\u00ednea de investigaci\u00f3n conjunta sobre el estado postcolonial y las relaciones entre Europa y \u00c1frica desde una perspectiva multidisciplinar, que abarcaba diferentes \u00e1reas de especializaci\u00f3n: relaciones internacionales, ciencia pol\u00edtica, antropolog\u00eda, sociolog\u00eda, econom\u00eda, derecho internacional.\u00a0 Un primer fruto de este esfuerzo investigador fue el libro <em><a href=\"https:\/\/grupodeestudiosafricanos.org\/publicaciones\/africa-sistema-internacional\" target=\"_blank\">\u00c1frica en el sistema internacional. Cinco siglos de frontera<\/a><\/em>, editado en 2000.\r\n\r\nDesde entonces se han ido consolidado varias l\u00edneas de investigaci\u00f3n en las que participan los miembros del GEA junto con otros expertos, y que han sido financiadas de diversas maneras. Menci\u00f3n especial merece el Proyecto de Investigaci\u00f3n y Desarrollo (BSO2002-01237) sobre \"Procesos Democratizadores en \u00c1frica. Modelos institucionales, pr\u00e1cticas pol\u00edticas e idearios contempor\u00e1neos. La incidencia europea\" financiado por el Ministerio de Educaci\u00f3n y Ciencia, y dirigido por el profesor Ferran Iniesta Vernet de la Universidad de Barcelona (2002-2005). Entre 2007 y 2008 el Grupo de Estudios Africanos ha disfrutado de un convenio de colaboraci\u00f3n con el Ministerio de Asuntos Exteriores y Cooperaci\u00f3n (DGPOLDE-SECI), que le ha permitido fortalecer sus l\u00edneas de investigaci\u00f3n.\r\n\r\nEl Grupo de Estudios Africanos es miembro desde el a\u00f1o 2008 de la red europea de centros de investigaci\u00f3n sobre \u00c1frica <a href=\"http:\/\/www.aegis-eu.org\/\" target=\"_blank\">AEGIS.<\/a> Participa en la organizaci\u00f3n de los Congresos Ib\u00e9ricos de Estudios Africanos y en la publicaci\u00f3n de la revista interuniversitaria <em><a title=\"Studia Africana\" href=\"http:\/\/www.centredestudisafricans.org\/index.php?option=com_content&amp;view=article&amp;id=60&amp;Itemid=70\" target=\"_blank\">Studia Africana<\/a><\/em>.\r\n\r\n<hr \/>\r\n\r\n<div class=\"research-left\">\r\n<div class=\"dropdown\">\r\n\r\n<button class=\"btn btn-default\" type=\"button\"><i class=\"fa fa-cog fa-fw\"><\/i> <strong>L\u00cdNEAS DE INVESTIGACI\u00d3N<\/strong><\/button><button id=\"dropdownMenu1\" class=\"btn btn-default dropdown-toggle\" type=\"button\" data-toggle=\"dropdown\"><i class=\"fa fa-plus\"><\/i><\/button>\r\n<ul class=\"dropdown-menu\">\r\n \t<li><a title=\"Econom\u00eda pol\u00edtica de los recursos naturales\" href=\"https:\/\/grupodeestudiosafricanos.org\/investigacion\/economia-politica-de-los-recursos-naturales\"> Econom\u00eda pol\u00edtica de los recursos naturales<\/a><\/li>\r\n \t<li><a title=\"Conflictos armados y reconstrucci\u00f3n postb\u00e9lica\" href=\"https:\/\/grupodeestudiosafricanos.org\/investigacion\/conflictos-construccion-paz\">Conflictos y construcci\u00f3n de la paz<\/a><\/li>\r\n \t<li><a title=\"Migraciones subsaharianas\" href=\"https:\/\/grupodeestudiosafricanos.org\/investigacion\/migraciones-subsaharianas\">Migraciones subsaharianas<\/a><\/li>\r\n \t<li><a title=\"Cooperaci\u00f3n internacional al desarrollo\" href=\"https:\/\/grupodeestudiosafricanos.org\/investigacion\/cooperacion-internacional-al-desarrollo\">Cooperaci\u00f3n internacional al desarrollo<\/a><\/li>\r\n \t<li><a title=\"Integraci\u00f3n regional y desarrollo rural\" href=\"https:\/\/grupodeestudiosafricanos.org\/investigacion\/integracion-regional-y-desarrollo-rural\">Integraci\u00f3n regional y desarrollo rural<\/a><\/li>\r\n<\/ul>\r\n<\/div>\r\n<\/div>\r\n<div class=\"research-right\"><a title=\"Publicaciones\" href=\"https:\/\/grupodeestudiosafricanos.org\/publicaciones\"><i class=\"fa fa-paperclip fa-fw\"><\/i> <strong>PUBLICACIONES<\/strong><\/a><\/div>","_et_gb_content_width":"","footnotes":""},"class_list":["post-11061","page","type-page","status-publish","has-post-thumbnail","hentry"],"acf":[],"_links":{"self":[{"href":"https:\/\/grupodeestudiosafricanos.org\/en\/wp-json\/wp\/v2\/pages\/11061","targetHints":{"allow":["GET"]}}],"collection":[{"href":"https:\/\/grupodeestudiosafricanos.org\/en\/wp-json\/wp\/v2\/pages"}],"about":[{"href":"https:\/\/grupodeestudiosafricanos.org\/en\/wp-json\/wp\/v2\/types\/page"}],"author":[{"embeddable":true,"href":"https:\/\/grupodeestudiosafricanos.org\/en\/wp-json\/wp\/v2\/users\/1"}],"replies":[{"embeddable":true,"href":"https:\/\/grupodeestudiosafricanos.org\/en\/wp-json\/wp\/v2\/comments?post=11061"}],"version-history":[{"count":9,"href":"https:\/\/grupodeestudiosafricanos.org\/en\/wp-json\/wp\/v2\/pages\/11061\/revisions"}],"predecessor-version":[{"id":11904,"href":"https:\/\/grupodeestudiosafricanos.org\/en\/wp-json\/wp\/v2\/pages\/11061\/revisions\/11904"}],"wp:featuredmedia":[{"embeddable":true,"href":"https:\/\/grupodeestudiosafricanos.org\/en\/wp-json\/wp\/v2\/media\/8517"}],"wp:attachment":[{"href":"https:\/\/grupodeestudiosafricanos.org\/en\/wp-json\/wp\/v2\/media?parent=11061"}],"curies":[{"name":"wp","href":"https:\/\/api.w.org\/{rel}","templated":true}]}}