{"id":11057,"date":"2014-08-13T11:15:37","date_gmt":"2014-08-13T11:15:37","guid":{"rendered":"https:\/\/grupodeestudiosafricanos.org\/quienes-somos\/equipo"},"modified":"2025-08-08T15:56:59","modified_gmt":"2025-08-08T15:56:59","slug":"equipo","status":"publish","type":"page","link":"https:\/\/grupodeestudiosafricanos.org\/en\/about-us\/equipo","title":{"rendered":"Team"},"content":{"rendered":"<p>[et_pb_section fb_built=&#8221;1&#8243; _builder_version=&#8221;4.16&#8243; global_colors_info=&#8221;{}&#8221;][et_pb_row use_custom_gutter=&#8221;on&#8221; gutter_width=&#8221;1&#8243; _builder_version=&#8221;4.27.4&#8243; _module_preset=&#8221;default&#8221; custom_margin=&#8221;0px||||false|false&#8221; custom_padding=&#8221;0px||||false|false&#8221; global_colors_info=&#8221;{}&#8221;][et_pb_column type=&#8221;4_4&#8243; _builder_version=&#8221;4.27.4&#8243; _module_preset=&#8221;default&#8221; global_colors_info=&#8221;{}&#8221;][et_pb_post_title meta=&#8221;off&#8221; featured_image=&#8221;off&#8221; _builder_version=&#8221;4.27.4&#8243; _module_preset=&#8221;default&#8221; title_font=&#8221;Oswald||||||||&#8221; title_text_color=&#8221;#444444&#8243; title_font_size=&#8221;42px&#8221; width=&#8221;75%&#8221; custom_margin=&#8221;0px||25px||false|false&#8221; custom_padding=&#8221;0px||0px||false|false&#8221; custom_css_post_image=&#8221;margin-top: 10px&#8221; global_colors_info=&#8221;{}&#8221;][\/et_pb_post_title][et_pb_code _builder_version=&#8221;4.27.4&#8243; _module_preset=&#8221;default&#8221; custom_margin=&#8221;||25px||false|false&#8221; global_colors_info=&#8221;{}&#8221;]<span><span><a href=\"https:\/\/grupodeestudiosafricanos.org\/en\/inicio\">Inicio<\/a><\/span><\/span>[\/et_pb_code][et_pb_post_title title=&#8221;off&#8221; meta=&#8221;off&#8221; module_class=&#8221;pa-image-16-9&#8243; _builder_version=&#8221;4.27.4&#8243; _module_preset=&#8221;default&#8221; title_font=&#8221;Oswald||||||||&#8221; title_text_color=&#8221;#444444&#8243; title_font_size=&#8221;42px&#8221; width=&#8221;100%&#8221; height=&#8221;423px&#8221; custom_margin=&#8221;||0px||false|false&#8221; custom_padding=&#8221;0px||0px||false|false&#8221; custom_css_post_image=&#8221;margin-top: 10px&#8221; global_colors_info=&#8221;{}&#8221;][\/et_pb_post_title][et_pb_text _builder_version=&#8221;4.25.1&#8243; _module_preset=&#8221;default&#8221; text_font_size=&#8221;11px&#8221; text_orientation=&#8221;right&#8221; custom_margin=&#8221;0px||0px||false|false&#8221; custom_padding=&#8221;5px||30px||false|false&#8221; global_colors_info=&#8221;{}&#8221;]<\/p>\n<p><em>Fotograf\u00eda cedida por Elsa Gonz\u00e1lez Aim\u00e9. Todos los derechos reservados.<br \/><\/em><\/p>\n<section class=\"content\" style=\"outline: none !important; box-sizing: border-box; display: block; font-size: 14px; line-height: 26px; color: #333333; font-family: 'Helvetica Neue', Helvetica, Arial, sans-serif; font-style: normal; font-variant-ligatures: normal; font-variant-caps: normal; font-weight: 400; letter-spacing: normal; orphans: 2; text-align: start; text-indent: 0px; text-transform: none; widows: 2; word-spacing: 0px; -webkit-text-stroke-width: 0px; white-space: normal; background-color: #ffffff; text-decoration-thickness: initial; text-decoration-style: initial; text-decoration-color: initial;\"><\/section>\n<p>[\/et_pb_text][\/et_pb_column][\/et_pb_row][et_pb_row _builder_version=&#8221;4.27.4&#8243; background_size=&#8221;initial&#8221; background_position=&#8221;top_left&#8221; background_repeat=&#8221;repeat&#8221; custom_margin=&#8221;0px||||false|false&#8221; custom_padding=&#8221;0px||||false|false&#8221; global_colors_info=&#8221;{}&#8221;][et_pb_column type=&#8221;4_4&#8243; _builder_version=&#8221;4.16&#8243; custom_padding=&#8221;|||&#8221; global_colors_info=&#8221;{}&#8221; custom_padding__hover=&#8221;|||&#8221;][et_pb_de_mach_archive_loop post_type_choose=&#8221;integrantes&#8221; loop_layout=&#8221;10970&#8243; posts_number=&#8221;10000&#8243; sort_order=&#8221;title&#8221; columns=&#8221;1&#8243; columns_tablet=&#8221;1&#8243; admin_label=&#8221;Listado integrantes GEA&#8221; _builder_version=&#8221;4.27.4&#8243; _module_preset=&#8221;default&#8221; hover_enabled=&#8221;0&#8243; global_colors_info=&#8221;{}&#8221; sticky_enabled=&#8221;0&#8243;][\/et_pb_de_mach_archive_loop][\/et_pb_column][\/et_pb_row][\/et_pb_section]<\/p>\n","protected":false},"excerpt":{"rendered":"<p><span><span><a href=\"https:\/\/grupodeestudiosafricanos.org\/en\/inicio\">Inicio<\/a><\/span><\/span>Fotograf\u00eda cedida por Elsa Gonz\u00e1lez Aim\u00e9. Todos los derechos reservados.<\/p>\n","protected":false},"author":1,"featured_media":8525,"parent":11050,"menu_order":0,"comment_status":"closed","ping_status":"closed","template":"","meta":{"_acf_changed":false,"_et_pb_use_builder":"on","_et_pb_old_content":"","_et_gb_content_width":"","footnotes":""},"class_list":["post-11057","page","type-page","status-publish","has-post-thumbnail","hentry"],"acf":[],"_links":{"self":[{"href":"https:\/\/grupodeestudiosafricanos.org\/en\/wp-json\/wp\/v2\/pages\/11057","targetHints":{"allow":["GET"]}}],"collection":[{"href":"https:\/\/grupodeestudiosafricanos.org\/en\/wp-json\/wp\/v2\/pages"}],"about":[{"href":"https:\/\/grupodeestudiosafricanos.org\/en\/wp-json\/wp\/v2\/types\/page"}],"author":[{"embeddable":true,"href":"https:\/\/grupodeestudiosafricanos.org\/en\/wp-json\/wp\/v2\/users\/1"}],"replies":[{"embeddable":true,"href":"https:\/\/grupodeestudiosafricanos.org\/en\/wp-json\/wp\/v2\/comments?post=11057"}],"version-history":[{"count":4,"href":"https:\/\/grupodeestudiosafricanos.org\/en\/wp-json\/wp\/v2\/pages\/11057\/revisions"}],"predecessor-version":[{"id":11922,"href":"https:\/\/grupodeestudiosafricanos.org\/en\/wp-json\/wp\/v2\/pages\/11057\/revisions\/11922"}],"up":[{"embeddable":true,"href":"https:\/\/grupodeestudiosafricanos.org\/en\/wp-json\/wp\/v2\/pages\/11050"}],"wp:featuredmedia":[{"embeddable":true,"href":"https:\/\/grupodeestudiosafricanos.org\/en\/wp-json\/wp\/v2\/media\/8525"}],"wp:attachment":[{"href":"https:\/\/grupodeestudiosafricanos.org\/en\/wp-json\/wp\/v2\/media?parent=11057"}],"curies":[{"name":"wp","href":"https:\/\/api.w.org\/{rel}","templated":true}]}}