{"id":11050,"date":"2014-08-11T21:02:54","date_gmt":"2014-08-11T21:02:54","guid":{"rendered":"https:\/\/grupodeestudiosafricanos.org\/quienes-somos"},"modified":"2024-07-31T08:00:12","modified_gmt":"2024-07-31T08:00:12","slug":"about-us","status":"publish","type":"page","link":"https:\/\/grupodeestudiosafricanos.org\/en\/about-us","title":{"rendered":"About us"},"content":{"rendered":"<p>[et_pb_section fb_built=&#8221;1&#8243; _builder_version=&#8221;4.16&#8243; global_colors_info=&#8221;{}&#8221;][et_pb_row _builder_version=&#8221;4.16&#8243; background_size=&#8221;initial&#8221; background_position=&#8221;top_left&#8221; background_repeat=&#8221;repeat&#8221; global_colors_info=&#8221;{}&#8221;][et_pb_column type=&#8221;4_4&#8243; _builder_version=&#8221;4.16&#8243; custom_padding=&#8221;|||&#8221; global_colors_info=&#8221;{}&#8221; custom_padding__hover=&#8221;|||&#8221;][et_pb_post_title meta=&#8221;off&#8221; _builder_version=&#8221;4.25.1&#8243; _module_preset=&#8221;default&#8221; title_font=&#8221;Oswald||||||||&#8221; title_text_color=&#8221;#444444&#8243; title_font_size=&#8221;42px&#8221; custom_margin=&#8221;||0px||false|false&#8221; custom_padding=&#8221;0px||0px||false|false&#8221; custom_css_post_image=&#8221;margin-top: 10px&#8221; global_colors_info=&#8221;{}&#8221;][\/et_pb_post_title][et_pb_text _builder_version=&#8221;4.25.1&#8243; _module_preset=&#8221;default&#8221; text_font_size=&#8221;11px&#8221; text_orientation=&#8221;right&#8221; custom_margin=&#8221;0px||0px||false|false&#8221; custom_padding=&#8221;5px||30px||false|false&#8221; global_colors_info=&#8221;{}&#8221;]<\/p>\n<p><em>Foto cedida por Pablo Guti\u00e9rrez Barbadillo, derechos reservados.<\/em><\/p>\n<section class=\"content\" style=\"outline: none !important; box-sizing: border-box; display: block; font-size: 14px; line-height: 26px; color: #333333; font-family: 'Helvetica Neue', Helvetica, Arial, sans-serif; font-style: normal; font-variant-ligatures: normal; font-variant-caps: normal; font-weight: 400; letter-spacing: normal; orphans: 2; text-align: start; text-indent: 0px; text-transform: none; widows: 2; word-spacing: 0px; -webkit-text-stroke-width: 0px; white-space: normal; background-color: #ffffff; text-decoration-thickness: initial; text-decoration-style: initial; text-decoration-color: initial;\"><\/section>\n<p>[\/et_pb_text][et_pb_text _builder_version=&#8221;4.27.0&#8243; _module_preset=&#8221;default&#8221; custom_margin=&#8221;0px||||false|false&#8221; custom_padding=&#8221;0px||||false|false&#8221; hover_enabled=&#8221;0&#8243; global_colors_info=&#8221;{}&#8221; sticky_enabled=&#8221;0&#8243;]<\/p>\n<p>The African Studies Group (GEA for Grupo de Estudios Africanos in Spanish) is an interdisciplinary research group registered at the Universidad Aut\u00f3noma of Madrid, specialised in African studies focusing on Sub-Saharan Africa. Created in 1995 by a group of researchers and professors, its purpose is to develop a critical knowledge on the realities of the African continent in Spain and in Spanish. Since its inception, GEA researchers have published several books and articles, and we have articulated our work through four working areas.<\/p>\n<p>[\/et_pb_text][et_pb_toggle title=&#8221;Researching on Sub-Saharan Africa&#8221; open_toggle_background_color=&#8221;#FFFFFF&#8221; closed_toggle_text_color=&#8221;#E09900&#8243; closed_toggle_background_color=&#8221;#FFFFFF&#8221; icon_color=&#8221;#E09900&#8243; open_icon_color=&#8221;#E09900&#8243; _builder_version=&#8221;4.27.0&#8243; _module_preset=&#8221;default&#8221; title_text_color=&#8221;#E09900&#8243; title_font=&#8221;|700|||||||&#8221; closed_title_font=&#8221;|700|||||||&#8221; body_link_text_color=&#8221;#E09900&#8243; custom_margin=&#8221;|||0px|false|false&#8221; custom_padding=&#8221;|||0px|false|false&#8221; hover_enabled=&#8221;0&#8243; custom_css_main_element=&#8221;border-bottom: 1px solid #eaeaea !important;&#8221; border_width_all=&#8221;0px&#8221; global_colors_info=&#8221;{}&#8221; sticky_enabled=&#8221;0&#8243;]<\/p>\n<p>Research constitutes one of the main fields of work of the Grupo de Estudios Africanos. Currently, our work is organized across five distinct research clusters:<br \/>\u2013\u00a0<a href=\"https:\/\/gea.freepresshost.cloud\/en\/research\/political-economy-of-natural-resources\">political economy of natural resources<\/a>,<br \/>\u2013\u00a0<a href=\"https:\/\/gea.freepresshost.cloud\/en\/research\/conflicts-peacebuilding\">conflicts and peacebuilding<\/a>,<br \/>\u2013\u00a0<a href=\"https:\/\/gea.freepresshost.cloud\/en\/research\/sub-saharan-migrations\">Sub-Saharan migrations<\/a>,<br \/>\u2013\u00a0<a href=\"https:\/\/gea.freepresshost.cloud\/en\/research\/international-development-aid\">international development aid<\/a>,<br \/>\u2013\u00a0<a href=\"https:\/\/gea.freepresshost.cloud\/en\/research\/regional-integration-rural-development\">regional integration and rural development<\/a>.<\/p>\n<p>[\/et_pb_toggle][et_pb_toggle title=&#8221;Teaching Activities&#8221; open_toggle_background_color=&#8221;#FFFFFF&#8221; closed_toggle_text_color=&#8221;#E09900&#8243; closed_toggle_background_color=&#8221;#FFFFFF&#8221; icon_color=&#8221;#E09900&#8243; open_icon_color=&#8221;#E09900&#8243; _builder_version=&#8221;4.27.0&#8243; _module_preset=&#8221;default&#8221; title_text_color=&#8221;#E09900&#8243; title_font=&#8221;|700|||||||&#8221; closed_title_font=&#8221;|700|||||||&#8221; body_link_text_color=&#8221;#E09900&#8243; custom_margin=&#8221;|||0px|false|false&#8221; custom_padding=&#8221;|||0px|false|false&#8221; hover_enabled=&#8221;0&#8243; custom_css_main_element=&#8221;border-bottom: 1px solid #eaeaea !important;&#8221; border_width_all=&#8221;0px&#8221; global_colors_info=&#8221;{}&#8221; sticky_enabled=&#8221;0&#8243;]<\/p>\n<p>GEA has a wide experience in designing and realizing courses, seminars and conferences at both graduate and postgraduate levels. We can highlight the\u00a0<strong><a href=\"http:\/\/www.uam.es\/ss\/Satellite\/Derecho\/es\/1242658864684\/subhome\/Master_en_Relaciones_Internacionales_y_Estudios_Africanos.htm\">Official Master in International Relations and African Studies<\/a><\/strong>\u00a0at the Autonomous University of Madrid, unique in its speciality offering a formation on political processes and International Relations theory along with a specialization on Sub-Saharan Africa. We can mention as well our\u00a0<strong><a href=\"https:\/\/gea.freepresshost.cloud\/en\/teaching\/introductory-course-to-african-reality\">Introduction to the African Reality Course<\/a><\/strong>\u00a0(since 1999) which has formed over 500 students.<br \/>In addition, GEA has a strong commitment to\u00a0<strong>dissemination activities<\/strong>\u00a0(e.g. seminars and debates) related to our research and intended to widely spread the knowledge on Africa. These activities are advertised in this website and through our social networks.<\/p>\n<p>[\/et_pb_toggle][et_pb_toggle title=&#8221;Knowledge transfer&#8221; open_toggle_background_color=&#8221;#FFFFFF&#8221; closed_toggle_text_color=&#8221;#E09900&#8243; closed_toggle_background_color=&#8221;#FFFFFF&#8221; icon_color=&#8221;#E09900&#8243; open_icon_color=&#8221;#E09900&#8243; _builder_version=&#8221;4.27.0&#8243; _module_preset=&#8221;default&#8221; title_text_color=&#8221;#E09900&#8243; title_font=&#8221;|700|||||||&#8221; closed_title_font=&#8221;|700|||||||&#8221; body_link_text_color=&#8221;#E09900&#8243; custom_margin=&#8221;|||0px|false|false&#8221; custom_padding=&#8221;|||0px|false|false&#8221; hover_enabled=&#8221;0&#8243; custom_css_main_element=&#8221;border-bottom: 1px solid #eaeaea !important;&#8221; border_width_all=&#8221;0px&#8221; global_colors_info=&#8221;{}&#8221; sticky_enabled=&#8221;0&#8243;]<\/p>\n<p>Besides our five research clusters, GEA\u2019s researchers carry out studies, consultancies and provide technical advice to public and private institutions related to their research specialization both public and private institutions.<br \/>Our partners include among others the Spanish Ministry for Foreign Affairs and Cooperation, the Spanish Agency for International Cooperation and Development, the Women for Africa Foundation (Spain), the International Labour Office, and the Government of Angola.<br \/>To know more about our working areas, please visit our\u00a0<a href=\"https:\/\/gea.freepresshost.cloud\/en\/research\">Research<\/a>,\u00a0<a href=\"https:\/\/gea.freepresshost.cloud\/en\/about-us\/team\">Team<\/a>\u00a0and\u00a0<a href=\"https:\/\/gea.freepresshost.cloud\/en\/consultancy\">Consultancy\u00a0<\/a>sections in this webpage.<\/p>\n<p>[\/et_pb_toggle][et_pb_toggle title=&#8221;Inter-University cooperation&#8221; open_toggle_background_color=&#8221;#FFFFFF&#8221; closed_toggle_text_color=&#8221;#E09900&#8243; closed_toggle_background_color=&#8221;#FFFFFF&#8221; icon_color=&#8221;#E09900&#8243; open_icon_color=&#8221;#E09900&#8243; _builder_version=&#8221;4.27.0&#8243; _module_preset=&#8221;default&#8221; title_text_color=&#8221;#E09900&#8243; title_font=&#8221;|700|||||||&#8221; closed_title_font=&#8221;|700|||||||&#8221; body_link_text_color=&#8221;#E09900&#8243; custom_margin=&#8221;|||0px|false|false&#8221; custom_padding=&#8221;|||0px|false|false&#8221; hover_enabled=&#8221;0&#8243; custom_css_main_element=&#8221;border-bottom: 1px solid #eaeaea !important;&#8221; border_width_all=&#8221;0px&#8221; global_colors_info=&#8221;{}&#8221; sticky_enabled=&#8221;0&#8243;]<\/p>\n<p>GEA is part of the European network\u00a0<a href=\"http:\/\/www.aegis-eu.org\/\">AEGIS\u00a0<\/a>(Africa-Europe Group for Interdisciplinary Studies) since 2006 and the\u00a0<a href=\"http:\/\/www.gesafrica.org\/que-es-el-gesa\/\">Spanish network ARDA\u00a0<\/a>(Agrupament de Recerca and Doc\u00e8ncia d\u2019\u00c0frica); both of them connect the main Africa Research centers in Europe and Spain. We participate in the organization of the Iberian Congresses of African Studies (we organized the 2012 edition) and in the publication of the interuniversity journal Studia Africana.<br \/>GEA\u2019s researchers teach in several courses, seminars, Masters of other institutions such as: Autonomous University of Madrid, Complutense University (Madrid), Rey Juan Carlos University (Madrid), Salamanca University, Burgos University, Lleida University, Autonomous University of Barcelona, Barcelona University, Pompeu Fabra University (Barcelona), Comillas University (Madrid), La Gomera University, Miguel Hern\u00e1ndez University (Alicante), International University of Andalusia, ect-. We collaborate as well with research centers (Centre d\u2019Estudis Africans de Barcelona, HEGOA- Instituto de Estudios sobre Desarrollo y Cooperaci\u00f3n Internacional, etc.) and with African studies specialists of different Universities in Spain and abroad.<\/p>\n<p>[\/et_pb_toggle][\/et_pb_column][\/et_pb_row][\/et_pb_section]<\/p>\n","protected":false},"excerpt":{"rendered":"<p>Foto cedida por Pablo Guti\u00e9rrez Barbadillo, derechos reservados. The African Studies Group (GEA for Grupo de Estudios Africanos in Spanish) is an interdisciplinary research group registered at the Universidad Aut\u00f3noma of Madrid, specialised in African studies focusing on Sub-Saharan Africa. Created in 1995 by a group of researchers and professors, its purpose is to develop [&hellip;]<\/p>\n","protected":false},"author":1,"featured_media":8671,"parent":0,"menu_order":0,"comment_status":"closed","ping_status":"closed","template":"","meta":{"_acf_changed":false,"_et_pb_use_builder":"on","_et_pb_old_content":"<p style=\"text-align: justify;\">El <strong>Grupo de Estudios Africanos<\/strong> (GEA) de la Universidad Aut\u00f3noma de Madrid es un grupo de investigaci\u00f3n interdisciplinar especializado en el \u00e1mbito de los estudios africanos, y en particular sobre el \u00c1frica negra. Fundado en el a\u00f1o 1995 por un grupo de investigadore\/as y profesora\/es, surgi\u00f3 de la voluntad de desarrollar el conocimiento cr\u00edtico sobre las realidades del continente africano en Espa\u00f1a y en lengua castellana. Desde entonces, el GEA a trav\u00e9s de sus investigadores e investigadoras ha publicado numerosos libros y art\u00edculos, y hemos construido nuestro trabajo sobre los\u00a0siguientes cuatro pilares .<\/p>\r\n<p style=\"text-align: justify;\">[toggle header=\"Investigar sobre \u00c1frica Subsahariana\"]\r\nLa investigaci\u00f3n es uno de los ejes de trabajo fundamentales del GEA desde su creaci\u00f3n. En la actualidad dichas investigaciones se articulan en torno a cinco l\u00edneas principales:\r\n- <a href=\"https:\/\/grupodeestudiosafricanos.org\/investigacion\/economia-politica-de-los-recursos-naturales\">econom\u00eda pol\u00edtica de los recursos naturales<\/a>,\r\n- <a href=\"https:\/\/grupodeestudiosafricanos.org\/investigacion\/conflictos-armados-y-reconstruccion-postbelica\">conflictos armados y reconstrucci\u00f3n posb\u00e9lica<\/a>,\r\n- <a href=\"https:\/\/grupodeestudiosafricanos.org\/investigacion\/migraciones-subsaharianas\">migraciones subsaharianas<\/a>,\r\n- <a href=\"https:\/\/grupodeestudiosafricanos.org\/investigacion\/cooperacion-internacional-al-desarrollo\">cooperaci\u00f3n internacional al desarrollo<\/a>,\r\n- <a href=\"https:\/\/grupodeestudiosafricanos.org\/investigacion\/integracion-regional-y-desarrollo-rural\">integraci\u00f3n regional y desarrollo rural<\/a>.[\/toggle]<\/p>\r\n<p style=\"text-align: justify;\">[toggle header=\"Formaci\u00f3n especializada y Divulgaci\u00f3n\"]\r\nEl GEA tiene una amplia experiencia en el dise\u00f1o y realizaci\u00f3n de cursos, seminarios y jornadas sobre \u00c1frica, de grado y de posgrado. Destacamos el <a href=\"http:\/\/www.uam.es\/ss\/Satellite\/Derecho\/es\/1242658864684\/subhome\/Master_en_Relaciones_Internacionales_y_Estudios_Africanos.htm\"><strong>M\u00e1ster Oficial en Relaciones Internacionales y Estudios Africanos <\/strong><\/a>de la UAM, \u00fanico en su especializaci\u00f3n al ofrecer una formaci\u00f3n sobre los procesos pol\u00edticos y la teor\u00eda de relaciones internacionales junto con una especializaci\u00f3n en \u00c1frica Subsahariana.\r\nDestacamos tambi\u00e9n el <a href=\"https:\/\/grupodeestudiosafricanos.org\/cira\"><strong>Curso de Introducci\u00f3n a la Realidad Africana<\/strong><\/a> (CIRA), que organizamos anualmente desde 1999, y que ha sido cursado por m\u00e1s de quinientos estudiantes.\r\nTambi\u00e9n organizamos<strong> jornadas y seminarios<\/strong> tem\u00e1ticos sobre las l\u00edneas de investigaci\u00f3n y \u00e1reas de estudios de los investigadores del GEA, que vamos anunciando a trav\u00e9s de esta web, redes sociales.[\/toggle]<\/p>\r\n<p style=\"text-align: justify;\">[toggle header=\"Transferencia del Conocimiento\"]\r\nLas investigadoras e investigadores del GEA han realizado trabajos de consultor\u00eda y asesoramiento en sus \u00e1mbitos y \u00e1reas de especializaci\u00f3n, tanto para organizaciones p\u00fablicas (Ministerio de Asuntos Exteriores y de Cooperaci\u00f3n, Ministerio de Justicia de Angola, Agencia Espa\u00f1ola de Cooperaci\u00f3n para el Desarrollo, etc.) como privadas (CONGDE, Fundaci\u00f3n Mujeres por \u00c1frica, etc.).\r\nPara saber m\u00e1s sobre nuestros \u00e1mbitos de trabajo, consulte las secciones de <a href=\"https:\/\/grupodeestudiosafricanos.org\/investigacion\">Investigaci\u00f3n<\/a>, <a href=\"https:\/\/grupodeestudiosafricanos.org\/quienes-somos\/equipo\">Equipo<\/a> y<a href=\"https:\/\/grupodeestudiosafricanos.org\/consultoria\"> Consultor\u00eda<\/a>.[\/toggle]<\/p>\r\n<p style=\"text-align: justify;\">[toggle header=\"Cooperaci\u00f3n Interuniversitaria\"]\r\nEl Grupo de Estudios Africanos es miembro desde el a\u00f1o 2006 de <a href=\"http:\/\/www.aegis-eu.org\/\" target=\"_blank\">AEGIS <\/a>(Africa-Europe Group for Interdisciplinary Studies), participa en la organizaci\u00f3n de los Congresos Ib\u00e9ricos de Estudios Africanos (organizamos su octava edici\u00f3n en 2012 en Madrid) y en la publicaci\u00f3n de la revista interuniversitaria <em>Studia Africana<\/em>.\r\nLos investigadores del GEA imparten diversos cursos, seminarios, conferencias y charlas sobre el continente, y colaboran en cursos y conferencias en otras instituciones entre las que destacan las universidades Complutense de Madrid, de Salamanca, de Burgos, de Lleida, de Barcelona, Pompeu Fabra, de Comillas, de la Gomera y la Internacional de Andaluc\u00eda.\r\nTambi\u00e9n mantiene una colaboraci\u00f3n estrecha en temas de investigaci\u00f3n y docencia con otros centros (CEA de Barcelona, Red ARDA, HEGOA, etc.) as\u00ed como con especialistas en estudios africanos de diversas universidad espa\u00f1olas e internacionales (Universidad Complutense de Madrid, Universidad de Salamanca, Universidad de Lleida, Universidad Aut\u00f3noma de Barcelona, Universidad Pompeu Fabra, etc.).\r\n[\/toggle]<\/p>","_et_gb_content_width":"","footnotes":""},"class_list":["post-11050","page","type-page","status-publish","has-post-thumbnail","hentry"],"acf":[],"_links":{"self":[{"href":"https:\/\/grupodeestudiosafricanos.org\/en\/wp-json\/wp\/v2\/pages\/11050","targetHints":{"allow":["GET"]}}],"collection":[{"href":"https:\/\/grupodeestudiosafricanos.org\/en\/wp-json\/wp\/v2\/pages"}],"about":[{"href":"https:\/\/grupodeestudiosafricanos.org\/en\/wp-json\/wp\/v2\/types\/page"}],"author":[{"embeddable":true,"href":"https:\/\/grupodeestudiosafricanos.org\/en\/wp-json\/wp\/v2\/users\/1"}],"replies":[{"embeddable":true,"href":"https:\/\/grupodeestudiosafricanos.org\/en\/wp-json\/wp\/v2\/comments?post=11050"}],"version-history":[{"count":0,"href":"https:\/\/grupodeestudiosafricanos.org\/en\/wp-json\/wp\/v2\/pages\/11050\/revisions"}],"wp:featuredmedia":[{"embeddable":true,"href":"https:\/\/grupodeestudiosafricanos.org\/en\/wp-json\/wp\/v2\/media\/8671"}],"wp:attachment":[{"href":"https:\/\/grupodeestudiosafricanos.org\/en\/wp-json\/wp\/v2\/media?parent=11050"}],"curies":[{"name":"wp","href":"https:\/\/api.w.org\/{rel}","templated":true}]}}